{"id":10403,"date":"2025-02-25T10:48:05","date_gmt":"2025-02-25T09:48:05","guid":{"rendered":"https:\/\/www.location-bateaux-electriques.com\/cart"},"modified":"2026-04-20T22:54:40","modified_gmt":"2026-04-20T21:54:40","slug":"cart","status":"publish","type":"page","link":"https:\/\/www.location-bateaux-electriques.com\/en\/cart","title":{"rendered":"Cart"},"content":{"rendered":"\n<div data-block-name=\"woocommerce\/cart\" class=\"wp-block-woocommerce-cart alignwide is-loading\">\n<div data-block-name=\"woocommerce\/filled-cart-block\" class=\"wp-block-woocommerce-filled-cart-block\">\n<div data-block-name=\"woocommerce\/cart-items-block\" class=\"wp-block-woocommerce-cart-items-block\">\n<div data-block-name=\"woocommerce\/cart-line-items-block\" class=\"wp-block-woocommerce-cart-line-items-block\"><\/div>\n\n\n<\/div>\n\n\n\n\n<div data-block-name=\"woocommerce\/cart-totals-block\" class=\"wp-block-woocommerce-cart-totals-block\">\n<div data-block-name=\"woocommerce\/cart-order-summary-block\" class=\"wp-block-woocommerce-cart-order-summary-block\">\n<div data-block-name=\"woocommerce\/cart-order-summary-heading-block\" class=\"wp-block-woocommerce-cart-order-summary-heading-block\"><\/div><div data-block-name=\"woocommerce\/cart-order-summary-coupon-form-block\" class=\"wp-block-woocommerce-cart-order-summary-coupon-form-block\"><\/div><div data-block-name=\"woocommerce\/cart-order-summary-totals-block\" class=\"wp-block-woocommerce-cart-order-summary-totals-block\">\n<div data-block-name=\"woocommerce\/cart-order-summary-subtotal-block\" class=\"wp-block-woocommerce-cart-order-summary-subtotal-block\"><\/div>\n<div data-block-name=\"woocommerce\/cart-order-summary-discount-block\" class=\"wp-block-woocommerce-cart-order-summary-discount-block\"><\/div>\n<div data-block-name=\"woocommerce\/cart-order-summary-fee-block\" class=\"wp-block-woocommerce-cart-order-summary-fee-block\"><\/div>\n<div data-block-name=\"woocommerce\/cart-order-summary-shipping-block\" class=\"wp-block-woocommerce-cart-order-summary-shipping-block\"><\/div>\n<div data-block-name=\"woocommerce\/cart-order-summary-taxes-block\" class=\"wp-block-woocommerce-cart-order-summary-taxes-block\"><\/div><\/div>\n<\/div>\n\n\n\n<div data-block-name=\"woocommerce\/cart-express-payment-block\" class=\"wp-block-woocommerce-cart-express-payment-block\"><\/div>\n\n\n\n<div data-block-name=\"woocommerce\/proceed-to-checkout-block\" class=\"wp-block-woocommerce-proceed-to-checkout-block\"><\/div>\n\n\n\n<div data-block-name=\"woocommerce\/cart-accepted-payment-methods-block\" class=\"wp-block-woocommerce-cart-accepted-payment-methods-block\"><\/div>\n<\/div>\n<\/div>\n\n\n\n<div data-block-name=\"woocommerce\/empty-cart-block\" class=\"wp-block-woocommerce-empty-cart-block\">\n<h2 class=\"wp-block-heading has-text-align-center with-empty-cart-icon wc-block-cart__empty-cart__title\">Your cart is currently empty!<\/h2>\n\n\n\n<hr class=\"wp-block-separator has-alpha-channel-opacity is-style-dots\"\/>\n\n\n\n<h2 class=\"wp-block-heading has-text-align-center\">New in store<\/h2>\n\n\n<\/div>\n<\/div>\n","protected":false},"excerpt":{"rendered":"","protected":false},"author":1,"featured_media":0,"parent":0,"menu_order":0,"comment_status":"closed","ping_status":"closed","template":"","meta":{"_acf_changed":false,"inline_featured_image":false,"footnotes":""},"class_list":["post-10403","page","type-page","status-publish","hentry"],"acf":[],"yoast_head":"<!-- This site is optimized with the Yoast SEO plugin v27.4 - https:\/\/yoast.com\/product\/yoast-seo-wordpress\/ -->\n<title>Cart - Location de bateaux \u00e9lectriques<\/title>\n<meta name=\"robots\" content=\"index, follow, max-snippet:-1, max-image-preview:large, max-video-preview:-1\" \/>\n<link rel=\"canonical\" href=\"https:\/\/www.location-bateaux-electriques.com\/en\/cart\" \/>\n<meta property=\"og:locale\" content=\"en_US\" \/>\n<meta property=\"og:type\" content=\"article\" \/>\n<meta property=\"og:title\" content=\"Cart - Location de bateaux \u00e9lectriques\" \/>\n<meta property=\"og:url\" content=\"https:\/\/www.location-bateaux-electriques.com\/en\/cart\" \/>\n<meta property=\"og:site_name\" content=\"Location de bateaux \u00e9lectriques\" \/>\n<meta property=\"article:modified_time\" content=\"2026-04-20T21:54:40+00:00\" \/>\n<meta name=\"twitter:card\" content=\"summary_large_image\" \/>\n<script type=\"application\/ld+json\" class=\"yoast-schema-graph\">{\"@context\":\"https:\\\/\\\/schema.org\",\"@graph\":[{\"@type\":\"WebPage\",\"@id\":\"https:\\\/\\\/www.location-bateaux-electriques.com\\\/en\\\/cart\",\"url\":\"https:\\\/\\\/www.location-bateaux-electriques.com\\\/en\\\/cart\",\"name\":\"Cart - Location de bateaux \u00e9lectriques\",\"isPartOf\":{\"@id\":\"https:\\\/\\\/www.location-bateaux-electriques.com\\\/en#website\"},\"datePublished\":\"2025-02-25T09:48:05+00:00\",\"dateModified\":\"2026-04-20T21:54:40+00:00\",\"breadcrumb\":{\"@id\":\"https:\\\/\\\/www.location-bateaux-electriques.com\\\/en\\\/cart#breadcrumb\"},\"inLanguage\":\"en-US\",\"potentialAction\":[{\"@type\":\"ReadAction\",\"target\":[\"https:\\\/\\\/www.location-bateaux-electriques.com\\\/en\\\/cart\"]}]},{\"@type\":\"BreadcrumbList\",\"@id\":\"https:\\\/\\\/www.location-bateaux-electriques.com\\\/en\\\/cart#breadcrumb\",\"itemListElement\":[{\"@type\":\"ListItem\",\"position\":1,\"name\":\"Accueil\",\"item\":\"https:\\\/\\\/www.location-bateaux-electriques.com\\\/en\"},{\"@type\":\"ListItem\",\"position\":2,\"name\":\"Cart\"}]},{\"@type\":\"WebSite\",\"@id\":\"https:\\\/\\\/www.location-bateaux-electriques.com\\\/en#website\",\"url\":\"https:\\\/\\\/www.location-bateaux-electriques.com\\\/en\",\"name\":\"Location de bateaux \u00e9lectriques\",\"description\":\"Location de bateaux \u00e9lectriques \u00e0 Nantes, Suc\u00e9-sur-Erdre, Vertou et Nort-sur-Erdre\",\"potentialAction\":[{\"@type\":\"SearchAction\",\"target\":{\"@type\":\"EntryPoint\",\"urlTemplate\":\"https:\\\/\\\/www.location-bateaux-electriques.com\\\/en?s={search_term_string}\"},\"query-input\":{\"@type\":\"PropertyValueSpecification\",\"valueRequired\":true,\"valueName\":\"search_term_string\"}}],\"inLanguage\":\"en-US\"}]}<\/script>\n<!-- \/ Yoast SEO plugin. -->","yoast_head_json":{"title":"Cart - Location de bateaux \u00e9lectriques","robots":{"index":"index","follow":"follow","max-snippet":"max-snippet:-1","max-image-preview":"max-image-preview:large","max-video-preview":"max-video-preview:-1"},"canonical":"https:\/\/www.location-bateaux-electriques.com\/en\/cart","og_locale":"en_US","og_type":"article","og_title":"Cart - Location de bateaux \u00e9lectriques","og_url":"https:\/\/www.location-bateaux-electriques.com\/en\/cart","og_site_name":"Location de bateaux \u00e9lectriques","article_modified_time":"2026-04-20T21:54:40+00:00","twitter_card":"summary_large_image","schema":{"@context":"https:\/\/schema.org","@graph":[{"@type":"WebPage","@id":"https:\/\/www.location-bateaux-electriques.com\/en\/cart","url":"https:\/\/www.location-bateaux-electriques.com\/en\/cart","name":"Cart - Location de bateaux \u00e9lectriques","isPartOf":{"@id":"https:\/\/www.location-bateaux-electriques.com\/en#website"},"datePublished":"2025-02-25T09:48:05+00:00","dateModified":"2026-04-20T21:54:40+00:00","breadcrumb":{"@id":"https:\/\/www.location-bateaux-electriques.com\/en\/cart#breadcrumb"},"inLanguage":"en-US","potentialAction":[{"@type":"ReadAction","target":["https:\/\/www.location-bateaux-electriques.com\/en\/cart"]}]},{"@type":"BreadcrumbList","@id":"https:\/\/www.location-bateaux-electriques.com\/en\/cart#breadcrumb","itemListElement":[{"@type":"ListItem","position":1,"name":"Accueil","item":"https:\/\/www.location-bateaux-electriques.com\/en"},{"@type":"ListItem","position":2,"name":"Cart"}]},{"@type":"WebSite","@id":"https:\/\/www.location-bateaux-electriques.com\/en#website","url":"https:\/\/www.location-bateaux-electriques.com\/en","name":"Location de bateaux \u00e9lectriques","description":"Location de bateaux \u00e9lectriques \u00e0 Nantes, Suc\u00e9-sur-Erdre, Vertou et Nort-sur-Erdre","potentialAction":[{"@type":"SearchAction","target":{"@type":"EntryPoint","urlTemplate":"https:\/\/www.location-bateaux-electriques.com\/en?s={search_term_string}"},"query-input":{"@type":"PropertyValueSpecification","valueRequired":true,"valueName":"search_term_string"}}],"inLanguage":"en-US"}]}},"_links":{"self":[{"href":"https:\/\/www.location-bateaux-electriques.com\/en\/wp-json\/wp\/v2\/pages\/10403","targetHints":{"allow":["GET"]}}],"collection":[{"href":"https:\/\/www.location-bateaux-electriques.com\/en\/wp-json\/wp\/v2\/pages"}],"about":[{"href":"https:\/\/www.location-bateaux-electriques.com\/en\/wp-json\/wp\/v2\/types\/page"}],"author":[{"embeddable":true,"href":"https:\/\/www.location-bateaux-electriques.com\/en\/wp-json\/wp\/v2\/users\/1"}],"replies":[{"embeddable":true,"href":"https:\/\/www.location-bateaux-electriques.com\/en\/wp-json\/wp\/v2\/comments?post=10403"}],"version-history":[{"count":1,"href":"https:\/\/www.location-bateaux-electriques.com\/en\/wp-json\/wp\/v2\/pages\/10403\/revisions"}],"predecessor-version":[{"id":10406,"href":"https:\/\/www.location-bateaux-electriques.com\/en\/wp-json\/wp\/v2\/pages\/10403\/revisions\/10406"}],"wp:attachment":[{"href":"https:\/\/www.location-bateaux-electriques.com\/en\/wp-json\/wp\/v2\/media?parent=10403"}],"curies":[{"name":"wp","href":"https:\/\/api.w.org\/{rel}","templated":true}]}}