{"id":10455,"date":"2026-03-24T21:02:35","date_gmt":"2026-03-24T20:02:35","guid":{"rendered":"https:\/\/www.location-bateaux-electriques.com\/our-navigation-maps"},"modified":"2026-04-21T08:52:55","modified_gmt":"2026-04-21T07:52:55","slug":"our-navigation-maps","status":"publish","type":"page","link":"https:\/\/www.location-bateaux-electriques.com\/en\/our-navigation-maps","title":{"rendered":"Our Navigation Maps"},"content":{"rendered":"<style>.kb-row-layout-id10243_25f640-f9 > .kt-row-column-wrap{align-content:start;}:where(.kb-row-layout-id10243_25f640-f9 > .kt-row-column-wrap) > .wp-block-kadence-column{justify-content:start;}.kb-row-layout-id10243_25f640-f9 > .kt-row-column-wrap{column-gap:var(--global-kb-gap-md, 2rem);row-gap:var(--global-kb-gap-md, 2rem);padding-top:0px;padding-right:0px;padding-bottom:0px;padding-left:0px;grid-template-columns:minmax(0, 1fr);}.kb-row-layout-id10243_25f640-f9 > .kt-row-layout-overlay{opacity:0.30;}@media all and (max-width: 1024px){.kb-row-layout-id10243_25f640-f9 > .kt-row-column-wrap{grid-template-columns:minmax(0, 1fr);}}@media all and (max-width: 767px){.kb-row-layout-id10243_25f640-f9 > .kt-row-column-wrap{grid-template-columns:minmax(0, 1fr);}}<\/style><div class=\"kb-row-layout-wrap kb-row-layout-id10243_25f640-f9 alignnone wp-block-kadence-rowlayout\"><div class=\"kb-blocks-bg-video-container\"><video class=\"kb-blocks-bg-video\" id=\"bg-row-video-10243_25f640-f9\" playsinline muted loop src=\"https:\/\/www.location-bateaux-electriques.com\/wp-content\/uploads\/2022\/07\/Home-ruban-vert-min.mp4\" autoplay><\/video><\/div><div class=\"kt-row-column-wrap kt-has-1-columns kt-row-layout-equal kt-tab-layout-inherit kt-mobile-layout-row kt-row-valign-top\">\n<style>.kadence-column10243_c2edc2-dd > .kt-inside-inner-col,.kadence-column10243_c2edc2-dd > .kt-inside-inner-col:before{border-top-left-radius:0px;border-top-right-radius:0px;border-bottom-right-radius:0px;border-bottom-left-radius:0px;}.kadence-column10243_c2edc2-dd > .kt-inside-inner-col{column-gap:var(--global-kb-gap-sm, 1rem);}.kadence-column10243_c2edc2-dd > .kt-inside-inner-col{flex-direction:column;}.kadence-column10243_c2edc2-dd > .kt-inside-inner-col > .aligncenter{width:100%;}.kadence-column10243_c2edc2-dd > .kt-inside-inner-col:before{opacity:0.3;}.kadence-column10243_c2edc2-dd{position:relative;}@media all and (max-width: 1024px){.kadence-column10243_c2edc2-dd > .kt-inside-inner-col{flex-direction:column;justify-content:center;}}@media all and (max-width: 767px){.kadence-column10243_c2edc2-dd > .kt-inside-inner-col{flex-direction:column;justify-content:center;}}<\/style>\n<div class=\"wp-block-kadence-column kadence-column10243_c2edc2-dd\"><div class=\"kt-inside-inner-col\"><!-- BANDEAU --><section class=\"block_bandeau\"><div class=\"outer_bandeau\"><div class=\"container relative   \"><div class=\"bandeau\"><div class=\"container\"><h1>Our Navigation Maps<br \/>\r\n<\/h1><strong>Discover all the routes from our 4 bases<\/strong><\/div><\/div><div class=\"menu-bandeau\"><div class=\"lcontainer container\"><div class=\"menu-menu-bandeau-fr-container\"><ul id=\"menu-menu-bandeau-fr\" class=\"bandeau-nav\"><li id=\"menu-item-9071\" class=\"menu-item menu-item-type-post_type menu-item-object-sites menu-item-9071\"><a href=\"https:\/\/www.location-bateaux-electriques.com\/en\/sites\/nantes\"><span>Nantes &#8211; \u00cele de Versailles<\/span><\/a><\/li>\n<li id=\"menu-item-9070\" class=\"menu-item menu-item-type-post_type menu-item-object-sites menu-item-9070\"><a href=\"https:\/\/www.location-bateaux-electriques.com\/en\/sites\/suce-sur-erdre\"><span>Suc\u00e9-sur-Erdre<\/span><\/a><\/li>\n<li id=\"menu-item-9069\" class=\"menu-item menu-item-type-post_type menu-item-object-sites menu-item-9069\"><a href=\"https:\/\/www.location-bateaux-electriques.com\/en\/sites\/vertou\"><span>Vertou<\/span><\/a><\/li>\n<li id=\"menu-item-9068\" class=\"menu-item menu-item-type-post_type menu-item-object-sites menu-item-9068\"><a href=\"https:\/\/www.location-bateaux-electriques.com\/en\/sites\/nort-sur-erdre\"><span>Nort-sur-Erdre<\/span><\/a><\/li>\n<li id=\"menu-item-9072\" class=\"btn-cadeau menu-item menu-item-type-post_type_archive menu-item-object-product menu-item-9072\"><a href=\"https:\/\/www.location-bateaux-electriques.com\/en\/shop\"><span>Bon cadeau<\/span><\/a><\/li>\n<\/ul><\/div><\/div><\/div><\/div><\/div><\/section><section class=\"breadcrumb\"><div class=\"container lcontainer\"><p id=\"breadcrumbs\"><span><span><a href=\"https:\/\/www.location-bateaux-electriques.com\/en\">Accueil<\/a><\/span><\/span><\/p><\/div><\/section><\/div><\/div>\n\n<\/div><\/div><style>.kb-row-layout-id10243_e3a654-33 > .kt-row-column-wrap{align-content:start;}:where(.kb-row-layout-id10243_e3a654-33 > .kt-row-column-wrap) > .wp-block-kadence-column{justify-content:start;}.kb-row-layout-id10243_e3a654-33 > .kt-row-column-wrap{column-gap:var(--global-kb-gap-md, 2rem);row-gap:var(--global-kb-gap-md, 2rem);max-width:var(--wp--style--global--content-size);padding-top:var(--global-kb-spacing-xxl, 5rem);padding-bottom:var(--global-kb-spacing-xxl, 5rem);grid-template-columns:repeat(2, minmax(0, 1fr));}.kb-row-layout-id10243_e3a654-33{background-image:url('https:\/\/www.location-bateaux-electriques.com\/wp-content\/uploads\/2016\/04\/bg_corde2.png');background-size:cover;background-position:center center;background-attachment:scroll;background-repeat:no-repeat;}.kb-row-layout-id10243_e3a654-33 > .kt-row-layout-overlay{opacity:0.30;}@media all and (max-width: 1024px){.kb-row-layout-id10243_e3a654-33 > .kt-row-column-wrap{grid-template-columns:repeat(2, minmax(0, 1fr));}}@media all and (max-width: 767px){.kb-row-layout-id10243_e3a654-33 > .kt-row-column-wrap{grid-template-columns:minmax(0, 1fr);}}<\/style><div class=\"kb-row-layout-wrap kb-row-layout-id10243_e3a654-33 alignnone kt-row-has-bg wp-block-kadence-rowlayout\"><div class=\"kt-row-column-wrap kt-has-2-columns kt-row-layout-equal kt-tab-layout-inherit kt-mobile-layout-row kt-row-valign-top kb-theme-content-width\">\n<style>.kadence-column10243_5b4f8a-b4 > .kt-inside-inner-col{display:flex;}.kadence-column10243_5b4f8a-b4 > .kt-inside-inner-col,.kadence-column10243_5b4f8a-b4 > .kt-inside-inner-col:before{border-top-left-radius:0px;border-top-right-radius:0px;border-bottom-right-radius:0px;border-bottom-left-radius:0px;}.kadence-column10243_5b4f8a-b4 > .kt-inside-inner-col{column-gap:var(--global-kb-gap-sm, 1rem);}.kadence-column10243_5b4f8a-b4 > .kt-inside-inner-col{flex-direction:column;justify-content:center;}.kadence-column10243_5b4f8a-b4 > .kt-inside-inner-col > .aligncenter{width:100%;}.kt-row-column-wrap > .kadence-column10243_5b4f8a-b4{align-self:center;}.kt-inner-column-height-full:not(.kt-has-1-columns) > .wp-block-kadence-column.kadence-column10243_5b4f8a-b4{align-self:auto;}.kt-inner-column-height-full:not(.kt-has-1-columns) > .wp-block-kadence-column.kadence-column10243_5b4f8a-b4 > .kt-inside-inner-col{flex-direction:column;justify-content:center;}.kadence-column10243_5b4f8a-b4 > .kt-inside-inner-col:before{opacity:0.3;}.kadence-column10243_5b4f8a-b4{position:relative;}@media all and (max-width: 1024px){.kt-row-column-wrap > .kadence-column10243_5b4f8a-b4{align-self:center;}}@media all and (max-width: 1024px){.kt-inner-column-height-full:not(.kt-has-1-columns) > .wp-block-kadence-column.kadence-column10243_5b4f8a-b4{align-self:auto;}}@media all and (max-width: 1024px){.kt-inner-column-height-full:not(.kt-has-1-columns) > .wp-block-kadence-column.kadence-column10243_5b4f8a-b4 > .kt-inside-inner-col{flex-direction:column;justify-content:center;}}@media all and (max-width: 1024px){.kadence-column10243_5b4f8a-b4 > .kt-inside-inner-col{flex-direction:column;justify-content:center;}}@media all and (max-width: 767px){.kt-row-column-wrap > .kadence-column10243_5b4f8a-b4{align-self:center;}.kt-inner-column-height-full:not(.kt-has-1-columns) > .wp-block-kadence-column.kadence-column10243_5b4f8a-b4{align-self:auto;}.kt-inner-column-height-full:not(.kt-has-1-columns) > .wp-block-kadence-column.kadence-column10243_5b4f8a-b4 > .kt-inside-inner-col{flex-direction:column;justify-content:center;}.kadence-column10243_5b4f8a-b4 > .kt-inside-inner-col{flex-direction:column;justify-content:center;}}<\/style>\n<div class=\"wp-block-kadence-column kadence-column10243_5b4f8a-b4\"><div class=\"kt-inside-inner-col\"><figure class=\"  animate animateL none animation_duration_5\"><img decoding=\"async\" src=\"https:\/\/www.location-bateaux-electriques.com\/wp-content\/uploads\/2016\/04\/RV_nantes_5-1024x683.jpg\" class=\"fw\"><\/figure><\/div><\/div>\n\n\n<style>.kadence-column10243_810d9f-f2 > .kt-inside-inner-col{display:flex;}.kadence-column10243_810d9f-f2 > .kt-inside-inner-col,.kadence-column10243_810d9f-f2 > .kt-inside-inner-col:before{border-top-left-radius:0px;border-top-right-radius:0px;border-bottom-right-radius:0px;border-bottom-left-radius:0px;}.kadence-column10243_810d9f-f2 > .kt-inside-inner-col{column-gap:var(--global-kb-gap-sm, 1rem);}.kadence-column10243_810d9f-f2 > .kt-inside-inner-col{flex-direction:column;justify-content:center;}.kadence-column10243_810d9f-f2 > .kt-inside-inner-col > .aligncenter{width:100%;}.kt-row-column-wrap > .kadence-column10243_810d9f-f2{align-self:center;}.kt-inner-column-height-full:not(.kt-has-1-columns) > .wp-block-kadence-column.kadence-column10243_810d9f-f2{align-self:auto;}.kt-inner-column-height-full:not(.kt-has-1-columns) > .wp-block-kadence-column.kadence-column10243_810d9f-f2 > .kt-inside-inner-col{flex-direction:column;justify-content:center;}.kadence-column10243_810d9f-f2 > .kt-inside-inner-col:before{opacity:0.3;}.kadence-column10243_810d9f-f2{position:relative;}@media all and (max-width: 1024px){.kt-row-column-wrap > .kadence-column10243_810d9f-f2{align-self:center;}}@media all and (max-width: 1024px){.kt-inner-column-height-full:not(.kt-has-1-columns) > .wp-block-kadence-column.kadence-column10243_810d9f-f2{align-self:auto;}}@media all and (max-width: 1024px){.kt-inner-column-height-full:not(.kt-has-1-columns) > .wp-block-kadence-column.kadence-column10243_810d9f-f2 > .kt-inside-inner-col{flex-direction:column;justify-content:center;}}@media all and (max-width: 1024px){.kadence-column10243_810d9f-f2 > .kt-inside-inner-col{flex-direction:column;justify-content:center;}}@media all and (max-width: 767px){.kt-row-column-wrap > .kadence-column10243_810d9f-f2{align-self:center;}.kt-inner-column-height-full:not(.kt-has-1-columns) > .wp-block-kadence-column.kadence-column10243_810d9f-f2{align-self:auto;}.kt-inner-column-height-full:not(.kt-has-1-columns) > .wp-block-kadence-column.kadence-column10243_810d9f-f2 > .kt-inside-inner-col{flex-direction:column;justify-content:center;}.kadence-column10243_810d9f-f2 > .kt-inside-inner-col{flex-direction:column;justify-content:center;}}<\/style>\n<div class=\"wp-block-kadence-column kadence-column10243_810d9f-f2\"><div class=\"kt-inside-inner-col\"><div class=\"paragraphe_content block35  animate animateR none animation_duration_5 dark\"><p>Would you like to know more about <strong>the different routes we offer<\/strong> from our 4 bases around Nantes?<\/p>\n<p><em><strong>Click below to directly download the maps for each route in PDF format.<\/strong><\/em><\/p>\n<\/div><\/div><\/div>\n\n<\/div><\/div><style>.kb-row-layout-id10243_b042cf-87 > .kt-row-column-wrap{align-content:start;}:where(.kb-row-layout-id10243_b042cf-87 > .kt-row-column-wrap) > .wp-block-kadence-column{justify-content:start;}.kb-row-layout-id10243_b042cf-87 > .kt-row-column-wrap{column-gap:var(--global-kb-gap-sm, 1rem);row-gap:var(--global-kb-gap-md, 2rem);max-width:var(--wp--style--global--content-size);padding-top:var(--global-kb-spacing-xs, 1rem);padding-bottom:var(--global-kb-spacing-3xl, 6.5rem);}.kb-row-layout-id10243_b042cf-87 > .kt-row-column-wrap > div:not(.added-for-specificity){grid-column:initial;}.kb-row-layout-id10243_b042cf-87 > .kt-row-column-wrap{grid-template-columns:repeat(5, minmax(0, 1fr));}.kb-row-layout-id10243_b042cf-87{background-image:url('https:\/\/www.location-bateaux-electriques.com\/wp-content\/uploads\/2022\/03\/bg_corde_big.png');background-size:cover;background-position:center center;background-attachment:scroll;background-repeat:no-repeat;}.kb-row-layout-id10243_b042cf-87 > .kt-row-layout-overlay{opacity:0.30;}@media all and (max-width: 1024px){.kb-row-layout-id10243_b042cf-87 > .kt-row-column-wrap > div:not(.added-for-specificity){grid-column:initial;}}@media all and (max-width: 1024px){.kb-row-layout-id10243_b042cf-87 > .kt-row-column-wrap{grid-template-columns:repeat(5, minmax(0, 1fr));}}@media all and (max-width: 767px){.kb-row-layout-id10243_b042cf-87 > .kt-row-column-wrap > div:not(.added-for-specificity){grid-column:initial;}.kb-row-layout-id10243_b042cf-87 > .kt-row-column-wrap{grid-template-columns:minmax(0, 1fr);}}<\/style><div class=\"kb-row-layout-wrap kb-row-layout-id10243_b042cf-87 alignnone kt-row-has-bg wp-block-kadence-rowlayout\"><div class=\"kt-row-column-wrap kt-has-5-columns kt-row-layout-equal kt-tab-layout-inherit kt-mobile-layout-row kt-row-valign-top kb-theme-content-width\">\n<style>.kadence-column10243_697570-65 > .kt-inside-inner-col,.kadence-column10243_697570-65 > .kt-inside-inner-col:before{border-top-left-radius:0px;border-top-right-radius:0px;border-bottom-right-radius:0px;border-bottom-left-radius:0px;}.kadence-column10243_697570-65 > .kt-inside-inner-col{column-gap:var(--global-kb-gap-sm, 1rem);}.kadence-column10243_697570-65 > .kt-inside-inner-col{flex-direction:column;}.kadence-column10243_697570-65 > .kt-inside-inner-col > .aligncenter{width:100%;}.kadence-column10243_697570-65 > .kt-inside-inner-col:before{opacity:0.3;}.kadence-column10243_697570-65{position:relative;}@media all and (max-width: 1024px){.kadence-column10243_697570-65 > .kt-inside-inner-col{flex-direction:column;justify-content:center;}}@media all and (max-width: 767px){.kadence-column10243_697570-65 > .kt-inside-inner-col{flex-direction:column;justify-content:center;}}<\/style>\n<div class=\"wp-block-kadence-column kadence-column10243_697570-65\"><div class=\"kt-inside-inner-col\"><div class=\"lien_vers_page pagelink_style0\"><a href=\"https:\/\/www.location-bateaux-electriques.com\/wp-content\/uploads\/2026\/03\/map-nantes-suce-2026_compressed.pdf\" target=\"_blank\"><div class=\"site_img\"><img decoding=\"async\" src=\"https:\/\/www.location-bateaux-electriques.com\/wp-content\/uploads\/2022\/04\/archive_nantes.jpg\" class=\"object-fit\"><span class=\"link_footer_baseline\"><p>Towards<\/p>\n<p>Suc\u00e9-sur-Erdre<\/p>\n<\/span><\/div><div class=\"site_title\"><span>Departure from Nantes<\/span><\/div><\/a><\/div><\/div><\/div>\n\n\n<style>.kadence-column10243_276f11-9b > .kt-inside-inner-col,.kadence-column10243_276f11-9b > .kt-inside-inner-col:before{border-top-left-radius:0px;border-top-right-radius:0px;border-bottom-right-radius:0px;border-bottom-left-radius:0px;}.kadence-column10243_276f11-9b > .kt-inside-inner-col{column-gap:var(--global-kb-gap-sm, 1rem);}.kadence-column10243_276f11-9b > .kt-inside-inner-col{flex-direction:column;}.kadence-column10243_276f11-9b > .kt-inside-inner-col > .aligncenter{width:100%;}.kadence-column10243_276f11-9b > .kt-inside-inner-col:before{opacity:0.3;}.kadence-column10243_276f11-9b{position:relative;}@media all and (max-width: 1024px){.kadence-column10243_276f11-9b > .kt-inside-inner-col{flex-direction:column;justify-content:center;}}@media all and (max-width: 767px){.kadence-column10243_276f11-9b > .kt-inside-inner-col{flex-direction:column;justify-content:center;}}<\/style>\n<div class=\"wp-block-kadence-column kadence-column10243_276f11-9b\"><div class=\"kt-inside-inner-col\"><div class=\"lien_vers_page pagelink_style0\"><a href=\"https:\/\/www.location-bateaux-electriques.com\/wp-content\/uploads\/2026\/03\/map-nort-suce-2026_compressed.pdf\" target=\"_blank\"><div class=\"site_img\"><img decoding=\"async\" src=\"https:\/\/www.location-bateaux-electriques.com\/wp-content\/uploads\/2022\/04\/Archive_RV_nort-sur-erdre.jpg\" class=\"object-fit\"><span class=\"link_footer_baseline\"><p>Towards<br \/>\nSuc\u00e9-sur-Erdre<\/p>\n<\/span><\/div><div class=\"site_title\"><span>Departure from Nort-sur-Erdre<\/span><\/div><\/a><\/div><\/div><\/div>\n\n\n<style>.kadence-column10243_62b6d6-fe > .kt-inside-inner-col,.kadence-column10243_62b6d6-fe > .kt-inside-inner-col:before{border-top-left-radius:0px;border-top-right-radius:0px;border-bottom-right-radius:0px;border-bottom-left-radius:0px;}.kadence-column10243_62b6d6-fe > .kt-inside-inner-col{column-gap:var(--global-kb-gap-sm, 1rem);}.kadence-column10243_62b6d6-fe > .kt-inside-inner-col{flex-direction:column;}.kadence-column10243_62b6d6-fe > .kt-inside-inner-col > .aligncenter{width:100%;}.kadence-column10243_62b6d6-fe > .kt-inside-inner-col:before{opacity:0.3;}.kadence-column10243_62b6d6-fe{position:relative;}@media all and (max-width: 1024px){.kadence-column10243_62b6d6-fe > .kt-inside-inner-col{flex-direction:column;justify-content:center;}}@media all and (max-width: 767px){.kadence-column10243_62b6d6-fe > .kt-inside-inner-col{flex-direction:column;justify-content:center;}}<\/style>\n<div class=\"wp-block-kadence-column kadence-column10243_62b6d6-fe\"><div class=\"kt-inside-inner-col\"><div class=\"lien_vers_page pagelink_style0\"><a href=\"https:\/\/www.location-bateaux-electriques.com\/wp-content\/uploads\/2026\/03\/map-suce_compressed.pdf\" target=\"_blank\"><div class=\"site_img\"><img decoding=\"async\" src=\"https:\/\/www.location-bateaux-electriques.com\/wp-content\/uploads\/2016\/04\/archive_suce-sur-erdre.jpg\" class=\"object-fit\"><span class=\"link_footer_baseline\"><p>Towards Nantes Centre<\/p>\n<\/span><\/div><div class=\"site_title\"><span>Departure from Suc\u00e9-sur-Erdre<\/span><\/div><\/a><\/div><\/div><\/div>\n\n\n<style>.kadence-column10243_3fb348-ab > .kt-inside-inner-col,.kadence-column10243_3fb348-ab > .kt-inside-inner-col:before{border-top-left-radius:0px;border-top-right-radius:0px;border-bottom-right-radius:0px;border-bottom-left-radius:0px;}.kadence-column10243_3fb348-ab > .kt-inside-inner-col{column-gap:var(--global-kb-gap-sm, 1rem);}.kadence-column10243_3fb348-ab > .kt-inside-inner-col{flex-direction:column;}.kadence-column10243_3fb348-ab > .kt-inside-inner-col > .aligncenter{width:100%;}.kadence-column10243_3fb348-ab > .kt-inside-inner-col:before{opacity:0.3;}.kadence-column10243_3fb348-ab{position:relative;}@media all and (max-width: 1024px){.kadence-column10243_3fb348-ab > .kt-inside-inner-col{flex-direction:column;justify-content:center;}}@media all and (max-width: 767px){.kadence-column10243_3fb348-ab > .kt-inside-inner-col{flex-direction:column;justify-content:center;}}<\/style>\n<div class=\"wp-block-kadence-column kadence-column10243_3fb348-ab\"><div class=\"kt-inside-inner-col\"><div class=\"lien_vers_page pagelink_style0\"><a href=\"https:\/\/www.location-bateaux-electriques.com\/wp-content\/uploads\/2026\/03\/map-suce-nort-2026-compressed.pdf\" target=\"_blank\"><div class=\"site_img\"><img decoding=\"async\" src=\"https:\/\/www.location-bateaux-electriques.com\/wp-content\/uploads\/2016\/04\/archive_suce-sur-erdre.jpg\" class=\"object-fit\"><span class=\"link_footer_baseline\"><p>Towards Nort-sur-Erdre<\/p>\n<\/span><\/div><div class=\"site_title\"><span>Departure from Suc\u00e9-sur-Erdre<\/span><\/div><\/a><\/div><\/div><\/div>\n\n\n<style>.kadence-column10243_716df5-b9 > .kt-inside-inner-col,.kadence-column10243_716df5-b9 > .kt-inside-inner-col:before{border-top-left-radius:0px;border-top-right-radius:0px;border-bottom-right-radius:0px;border-bottom-left-radius:0px;}.kadence-column10243_716df5-b9 > .kt-inside-inner-col{column-gap:var(--global-kb-gap-sm, 1rem);}.kadence-column10243_716df5-b9 > .kt-inside-inner-col{flex-direction:column;}.kadence-column10243_716df5-b9 > .kt-inside-inner-col > .aligncenter{width:100%;}.kadence-column10243_716df5-b9 > .kt-inside-inner-col:before{opacity:0.3;}.kadence-column10243_716df5-b9{position:relative;}@media all and (max-width: 1024px){.kadence-column10243_716df5-b9 > .kt-inside-inner-col{flex-direction:column;justify-content:center;}}@media all and (max-width: 767px){.kadence-column10243_716df5-b9 > .kt-inside-inner-col{flex-direction:column;justify-content:center;}}<\/style>\n<div class=\"wp-block-kadence-column kadence-column10243_716df5-b9\"><div class=\"kt-inside-inner-col\"><div class=\"lien_vers_page pagelink_style0\"><a href=\"https:\/\/www.location-bateaux-electriques.com\/wp-content\/uploads\/2026\/03\/map-vertou-port-domino-2026_compressed.pdf\" target=\"_blank\"><div class=\"site_img\"><img decoding=\"async\" src=\"https:\/\/www.location-bateaux-electriques.com\/wp-content\/uploads\/2022\/04\/Archive_RV_vertou.jpg\" class=\"object-fit\"><span class=\"link_footer_baseline\"><p>Towards Port Domino<\/p>\n<\/span><\/div><div class=\"site_title\"><span>Departure from Vertou<\/span><\/div><\/a><\/div><\/div><\/div>\n\n<\/div><\/div>","protected":false},"excerpt":{"rendered":"","protected":false},"author":5,"featured_media":0,"parent":0,"menu_order":0,"comment_status":"closed","ping_status":"closed","template":"","meta":{"_acf_changed":false,"inline_featured_image":false,"footnotes":""},"class_list":["post-10455","page","type-page","status-publish","hentry"],"acf":[],"yoast_head":"<!-- This site is optimized with the Yoast SEO plugin v27.4 - https:\/\/yoast.com\/product\/yoast-seo-wordpress\/ -->\n<title>Our Navigation Maps - Location de bateaux \u00e9lectriques<\/title>\n<meta name=\"robots\" content=\"index, follow, max-snippet:-1, max-image-preview:large, max-video-preview:-1\" \/>\n<link rel=\"canonical\" href=\"https:\/\/www.location-bateaux-electriques.com\/en\/our-navigation-maps\" \/>\n<meta property=\"og:locale\" content=\"en_US\" \/>\n<meta property=\"og:type\" content=\"article\" \/>\n<meta property=\"og:title\" content=\"Our Navigation Maps - Location de bateaux \u00e9lectriques\" \/>\n<meta property=\"og:url\" content=\"https:\/\/www.location-bateaux-electriques.com\/en\/our-navigation-maps\" \/>\n<meta property=\"og:site_name\" content=\"Location de bateaux \u00e9lectriques\" \/>\n<meta property=\"article:modified_time\" content=\"2026-04-21T07:52:55+00:00\" \/>\n<meta name=\"twitter:card\" content=\"summary_large_image\" \/>\n<script type=\"application\/ld+json\" class=\"yoast-schema-graph\">{\"@context\":\"https:\\\/\\\/schema.org\",\"@graph\":[{\"@type\":\"WebPage\",\"@id\":\"https:\\\/\\\/www.location-bateaux-electriques.com\\\/en\\\/our-navigation-maps\",\"url\":\"https:\\\/\\\/www.location-bateaux-electriques.com\\\/en\\\/our-navigation-maps\",\"name\":\"Our Navigation Maps - Location de bateaux \u00e9lectriques\",\"isPartOf\":{\"@id\":\"https:\\\/\\\/www.location-bateaux-electriques.com\\\/en#website\"},\"datePublished\":\"2026-03-24T20:02:35+00:00\",\"dateModified\":\"2026-04-21T07:52:55+00:00\",\"breadcrumb\":{\"@id\":\"https:\\\/\\\/www.location-bateaux-electriques.com\\\/en\\\/our-navigation-maps#breadcrumb\"},\"inLanguage\":\"en-US\",\"potentialAction\":[{\"@type\":\"ReadAction\",\"target\":[\"https:\\\/\\\/www.location-bateaux-electriques.com\\\/en\\\/our-navigation-maps\"]}]},{\"@type\":\"BreadcrumbList\",\"@id\":\"https:\\\/\\\/www.location-bateaux-electriques.com\\\/en\\\/our-navigation-maps#breadcrumb\",\"itemListElement\":[{\"@type\":\"ListItem\",\"position\":1,\"name\":\"Accueil\",\"item\":\"https:\\\/\\\/www.location-bateaux-electriques.com\\\/en\"},{\"@type\":\"ListItem\",\"position\":2,\"name\":\"Our Navigation Maps\"}]},{\"@type\":\"WebSite\",\"@id\":\"https:\\\/\\\/www.location-bateaux-electriques.com\\\/en#website\",\"url\":\"https:\\\/\\\/www.location-bateaux-electriques.com\\\/en\",\"name\":\"Location de bateaux \u00e9lectriques\",\"description\":\"Location de bateaux \u00e9lectriques \u00e0 Nantes, Suc\u00e9-sur-Erdre, Vertou et Nort-sur-Erdre\",\"potentialAction\":[{\"@type\":\"SearchAction\",\"target\":{\"@type\":\"EntryPoint\",\"urlTemplate\":\"https:\\\/\\\/www.location-bateaux-electriques.com\\\/en?s={search_term_string}\"},\"query-input\":{\"@type\":\"PropertyValueSpecification\",\"valueRequired\":true,\"valueName\":\"search_term_string\"}}],\"inLanguage\":\"en-US\"}]}<\/script>\n<!-- \/ Yoast SEO plugin. -->","yoast_head_json":{"title":"Our Navigation Maps - Location de bateaux \u00e9lectriques","robots":{"index":"index","follow":"follow","max-snippet":"max-snippet:-1","max-image-preview":"max-image-preview:large","max-video-preview":"max-video-preview:-1"},"canonical":"https:\/\/www.location-bateaux-electriques.com\/en\/our-navigation-maps","og_locale":"en_US","og_type":"article","og_title":"Our Navigation Maps - Location de bateaux \u00e9lectriques","og_url":"https:\/\/www.location-bateaux-electriques.com\/en\/our-navigation-maps","og_site_name":"Location de bateaux \u00e9lectriques","article_modified_time":"2026-04-21T07:52:55+00:00","twitter_card":"summary_large_image","schema":{"@context":"https:\/\/schema.org","@graph":[{"@type":"WebPage","@id":"https:\/\/www.location-bateaux-electriques.com\/en\/our-navigation-maps","url":"https:\/\/www.location-bateaux-electriques.com\/en\/our-navigation-maps","name":"Our Navigation Maps - Location de bateaux \u00e9lectriques","isPartOf":{"@id":"https:\/\/www.location-bateaux-electriques.com\/en#website"},"datePublished":"2026-03-24T20:02:35+00:00","dateModified":"2026-04-21T07:52:55+00:00","breadcrumb":{"@id":"https:\/\/www.location-bateaux-electriques.com\/en\/our-navigation-maps#breadcrumb"},"inLanguage":"en-US","potentialAction":[{"@type":"ReadAction","target":["https:\/\/www.location-bateaux-electriques.com\/en\/our-navigation-maps"]}]},{"@type":"BreadcrumbList","@id":"https:\/\/www.location-bateaux-electriques.com\/en\/our-navigation-maps#breadcrumb","itemListElement":[{"@type":"ListItem","position":1,"name":"Accueil","item":"https:\/\/www.location-bateaux-electriques.com\/en"},{"@type":"ListItem","position":2,"name":"Our Navigation Maps"}]},{"@type":"WebSite","@id":"https:\/\/www.location-bateaux-electriques.com\/en#website","url":"https:\/\/www.location-bateaux-electriques.com\/en","name":"Location de bateaux \u00e9lectriques","description":"Location de bateaux \u00e9lectriques \u00e0 Nantes, Suc\u00e9-sur-Erdre, Vertou et Nort-sur-Erdre","potentialAction":[{"@type":"SearchAction","target":{"@type":"EntryPoint","urlTemplate":"https:\/\/www.location-bateaux-electriques.com\/en?s={search_term_string}"},"query-input":{"@type":"PropertyValueSpecification","valueRequired":true,"valueName":"search_term_string"}}],"inLanguage":"en-US"}]}},"_links":{"self":[{"href":"https:\/\/www.location-bateaux-electriques.com\/en\/wp-json\/wp\/v2\/pages\/10455","targetHints":{"allow":["GET"]}}],"collection":[{"href":"https:\/\/www.location-bateaux-electriques.com\/en\/wp-json\/wp\/v2\/pages"}],"about":[{"href":"https:\/\/www.location-bateaux-electriques.com\/en\/wp-json\/wp\/v2\/types\/page"}],"author":[{"embeddable":true,"href":"https:\/\/www.location-bateaux-electriques.com\/en\/wp-json\/wp\/v2\/users\/5"}],"replies":[{"embeddable":true,"href":"https:\/\/www.location-bateaux-electriques.com\/en\/wp-json\/wp\/v2\/comments?post=10455"}],"version-history":[{"count":1,"href":"https:\/\/www.location-bateaux-electriques.com\/en\/wp-json\/wp\/v2\/pages\/10455\/revisions"}],"predecessor-version":[{"id":10456,"href":"https:\/\/www.location-bateaux-electriques.com\/en\/wp-json\/wp\/v2\/pages\/10455\/revisions\/10456"}],"wp:attachment":[{"href":"https:\/\/www.location-bateaux-electriques.com\/en\/wp-json\/wp\/v2\/media?parent=10455"}],"curies":[{"name":"wp","href":"https:\/\/api.w.org\/{rel}","templated":true}]}}