{"id":10540,"date":"2022-03-24T14:21:22","date_gmt":"2022-03-24T13:21:22","guid":{"rendered":"https:\/\/www.location-bateaux-electriques.com\/navigation-rules"},"modified":"2026-04-21T08:54:30","modified_gmt":"2026-04-21T07:54:30","slug":"navigation-rules","status":"publish","type":"page","link":"https:\/\/www.location-bateaux-electriques.com\/en\/navigation-rules","title":{"rendered":"Navigation Rules"},"content":{"rendered":"<style>.kb-row-layout-id4247_d5c255-a4 > .kt-row-column-wrap{align-content:start;}:where(.kb-row-layout-id4247_d5c255-a4 > .kt-row-column-wrap) > .wp-block-kadence-column{justify-content:start;}.kb-row-layout-id4247_d5c255-a4 > .kt-row-column-wrap{column-gap:var(--global-kb-gap-md, 2rem);row-gap:var(--global-kb-gap-md, 2rem);padding-top:0px;padding-right:0px;padding-bottom:0px;padding-left:0px;grid-template-columns:minmax(0, 1fr);}.kb-row-layout-id4247_d5c255-a4{background-image:url('https:\/\/www.location-bateaux-electriques.com\/wp-content\/uploads\/2022\/07\/bandeau-regle-nav.jpg');background-size:cover;background-position:68% 24%;background-attachment:scroll;background-repeat:no-repeat;}.kb-row-layout-id4247_d5c255-a4 > .kt-row-layout-overlay{opacity:0.30;}@media all and (max-width: 1024px){.kb-row-layout-id4247_d5c255-a4 > .kt-row-column-wrap{grid-template-columns:minmax(0, 1fr);}}@media all and (max-width: 767px){.kb-row-layout-id4247_d5c255-a4 > .kt-row-column-wrap{grid-template-columns:minmax(0, 1fr);}}<\/style><div class=\"kb-row-layout-wrap kb-row-layout-id4247_d5c255-a4 alignnone kt-row-has-bg wp-block-kadence-rowlayout\"><div class=\"kt-row-column-wrap kt-has-1-columns kt-row-layout-equal kt-tab-layout-inherit kt-mobile-layout-row kt-row-valign-top\">\n<style>.kadence-column4247_e6c9f7-ff > .kt-inside-inner-col,.kadence-column4247_e6c9f7-ff > .kt-inside-inner-col:before{border-top-left-radius:0px;border-top-right-radius:0px;border-bottom-right-radius:0px;border-bottom-left-radius:0px;}.kadence-column4247_e6c9f7-ff > .kt-inside-inner-col{column-gap:var(--global-kb-gap-sm, 1rem);}.kadence-column4247_e6c9f7-ff > .kt-inside-inner-col{flex-direction:column;}.kadence-column4247_e6c9f7-ff > .kt-inside-inner-col > .aligncenter{width:100%;}.kadence-column4247_e6c9f7-ff > .kt-inside-inner-col:before{opacity:0.3;}.kadence-column4247_e6c9f7-ff{position:relative;}@media all and (max-width: 1024px){.kadence-column4247_e6c9f7-ff > .kt-inside-inner-col{flex-direction:column;justify-content:center;}}@media all and (max-width: 767px){.kadence-column4247_e6c9f7-ff > .kt-inside-inner-col{flex-direction:column;justify-content:center;}}<\/style>\n<div class=\"wp-block-kadence-column kadence-column4247_e6c9f7-ff\"><div class=\"kt-inside-inner-col\"><!-- BANDEAU --><section class=\"block_bandeau\"><div class=\"outer_bandeau\"><div class=\"container relative   \"><div class=\"bandeau\"><div class=\"container\"><h1>Navigation Rules<\/h1><strong>Navigate safely!<\/strong><\/div><\/div><div class=\"menu-bandeau\"><div class=\"lcontainer container\"><div class=\"menu-menu-bandeau-fr-container\"><ul id=\"menu-menu-bandeau-fr\" class=\"bandeau-nav\"><li id=\"menu-item-9071\" class=\"menu-item menu-item-type-post_type menu-item-object-sites menu-item-9071\"><a href=\"https:\/\/www.location-bateaux-electriques.com\/en\/sites\/nantes\"><span>Nantes &#8211; \u00cele de Versailles<\/span><\/a><\/li>\n<li id=\"menu-item-9070\" class=\"menu-item menu-item-type-post_type menu-item-object-sites menu-item-9070\"><a href=\"https:\/\/www.location-bateaux-electriques.com\/en\/sites\/suce-sur-erdre\"><span>Suc\u00e9-sur-Erdre<\/span><\/a><\/li>\n<li id=\"menu-item-9069\" class=\"menu-item menu-item-type-post_type menu-item-object-sites menu-item-9069\"><a href=\"https:\/\/www.location-bateaux-electriques.com\/en\/sites\/vertou\"><span>Vertou<\/span><\/a><\/li>\n<li id=\"menu-item-9068\" class=\"menu-item menu-item-type-post_type menu-item-object-sites menu-item-9068\"><a href=\"https:\/\/www.location-bateaux-electriques.com\/en\/sites\/nort-sur-erdre\"><span>Nort-sur-Erdre<\/span><\/a><\/li>\n<li id=\"menu-item-9072\" class=\"btn-cadeau menu-item menu-item-type-post_type_archive menu-item-object-product menu-item-9072\"><a href=\"https:\/\/www.location-bateaux-electriques.com\/en\/shop\"><span>Bon cadeau<\/span><\/a><\/li>\n<\/ul><\/div><\/div><\/div><\/div><\/div><\/section><section class=\"breadcrumb\"><div class=\"container lcontainer\"><p id=\"breadcrumbs\"><span><span><a href=\"https:\/\/www.location-bateaux-electriques.com\/en\">Accueil<\/a><\/span><\/span><\/p><\/div><\/section><\/div><\/div>\n\n<\/div><\/div><style>.kb-row-layout-id4247_9953e1-21 > .kt-row-column-wrap{align-content:start;}:where(.kb-row-layout-id4247_9953e1-21 > .kt-row-column-wrap) > .wp-block-kadence-column{justify-content:start;}.kb-row-layout-id4247_9953e1-21 > .kt-row-column-wrap{column-gap:var(--global-kb-gap-md, 2rem);row-gap:var(--global-kb-gap-md, 2rem);max-width:var(--wp--style--global--content-size);padding-top:var(--global-kb-spacing-3xl, 6.5rem);padding-bottom:var(--global-kb-spacing-3xl, 6.5rem);grid-template-columns:minmax(0, 1fr);}.kb-row-layout-id4247_9953e1-21{background-image:url('https:\/\/www.location-bateaux-electriques.com\/wp-content\/uploads\/2016\/04\/bg_corde2.png');background-size:cover;background-position:center center;background-attachment:scroll;background-repeat:no-repeat;}.kb-row-layout-id4247_9953e1-21 > .kt-row-layout-overlay{opacity:0.30;}@media all and (max-width: 1024px){.kb-row-layout-id4247_9953e1-21 > .kt-row-column-wrap{grid-template-columns:minmax(0, 1fr);}}@media all and (max-width: 767px){.kb-row-layout-id4247_9953e1-21 > .kt-row-column-wrap{grid-template-columns:minmax(0, 1fr);}}<\/style><div class=\"kb-row-layout-wrap kb-row-layout-id4247_9953e1-21 alignnone kt-row-has-bg wp-block-kadence-rowlayout\"><div class=\"kt-row-column-wrap kt-has-1-columns kt-row-layout-equal kt-tab-layout-inherit kt-mobile-layout-row kt-row-valign-top kb-theme-content-width\">\n<style>.kadence-column4247_c69e23-fb > .kt-inside-inner-col{display:flex;}.kadence-column4247_c69e23-fb > .kt-inside-inner-col,.kadence-column4247_c69e23-fb > .kt-inside-inner-col:before{border-top-left-radius:0px;border-top-right-radius:0px;border-bottom-right-radius:0px;border-bottom-left-radius:0px;}.kadence-column4247_c69e23-fb > .kt-inside-inner-col{column-gap:var(--global-kb-gap-sm, 1rem);}.kadence-column4247_c69e23-fb > .kt-inside-inner-col{flex-direction:column;justify-content:center;}.kadence-column4247_c69e23-fb > .kt-inside-inner-col > .aligncenter{width:100%;}.kt-row-column-wrap > .kadence-column4247_c69e23-fb{align-self:center;}.kt-inner-column-height-full:not(.kt-has-1-columns) > .wp-block-kadence-column.kadence-column4247_c69e23-fb{align-self:auto;}.kt-inner-column-height-full:not(.kt-has-1-columns) > .wp-block-kadence-column.kadence-column4247_c69e23-fb > .kt-inside-inner-col{flex-direction:column;justify-content:center;}.kadence-column4247_c69e23-fb > .kt-inside-inner-col:before{opacity:0.3;}.kadence-column4247_c69e23-fb{text-align:left;}.kadence-column4247_c69e23-fb{position:relative;}@media all and (max-width: 1024px){.kt-row-column-wrap > .kadence-column4247_c69e23-fb{align-self:center;}}@media all and (max-width: 1024px){.kt-inner-column-height-full:not(.kt-has-1-columns) > .wp-block-kadence-column.kadence-column4247_c69e23-fb{align-self:auto;}}@media all and (max-width: 1024px){.kt-inner-column-height-full:not(.kt-has-1-columns) > .wp-block-kadence-column.kadence-column4247_c69e23-fb > .kt-inside-inner-col{flex-direction:column;justify-content:center;}}@media all and (max-width: 1024px){.kadence-column4247_c69e23-fb > .kt-inside-inner-col{flex-direction:column;justify-content:center;}}@media all and (max-width: 767px){.kt-row-column-wrap > .kadence-column4247_c69e23-fb{align-self:center;}.kt-inner-column-height-full:not(.kt-has-1-columns) > .wp-block-kadence-column.kadence-column4247_c69e23-fb{align-self:auto;}.kt-inner-column-height-full:not(.kt-has-1-columns) > .wp-block-kadence-column.kadence-column4247_c69e23-fb > .kt-inside-inner-col{flex-direction:column;justify-content:center;}.kadence-column4247_c69e23-fb > .kt-inside-inner-col{flex-direction:column;justify-content:center;}}<\/style>\n<div class=\"wp-block-kadence-column kadence-column4247_c69e23-fb\"><div class=\"kt-inside-inner-col\"><div class=\"paragraphe_content block35  animate animateR none animation_duration_5 dark\"><h2 class=\"heading2\" style=\"text-align: center;\">Safety is an essential element of your rental<\/h2>\n<p style=\"text-align: left;\"><em>Here are some navigation rules to follow in order to fully enjoy your trip along the Erdre or the S\u00e8vre nantaise.<\/em><\/p>\n<p style=\"text-align: left;\">1 \u2013 <strong>You never have priority<\/strong> over other boats and oars.<\/p>\n<p style=\"text-align: left;\">2 \u2013 <strong>Navigation must be carried out in the middle of the river.<\/strong> In some places, a channel exists and is marked by red and green buoys. Pass through the middle of the central pillars of bridges. <\/p>\n<p style=\"text-align: left;\">3 \u2013 When you encounter other boats, <strong>keep to your right.<\/strong><\/p>\n<p style=\"text-align: left;\">4 \u2013 You may overtake if your boat allows it. In this case, <strong>do so on the left and at a safe distance.<\/strong> <\/p>\n<p style=\"text-align: left;\">5 \u2013 It is strictly <strong>forbidden to enter the Saint-Felix tunnel as well as all tributaries of the Erdre or the S\u00e8vre nantaise. In Nantes, it is forbidden to go toward the city center and to circle the \u00cele de Versailles.<\/strong><\/p>\n<p style=\"text-align: left;\">In case of breakdowns, incidents, or accidents, please contact us <strong>at 06 28 13 31 45 or 06 76 14 21 89 or 06 81 85 81 83<\/strong><br \/>\nYou can now fully enjoy your rental.<\/p>\n<p style=\"text-align: left;\"><em>Thank you and enjoy your navigation!<\/em><\/p>\n<p style=\"text-align: right;\">The Ruban Vert Team<\/p>\n<\/div><\/div><\/div>\n\n<\/div><\/div><style>.kb-row-layout-id4247_01d266-32 > .kt-row-column-wrap{align-content:start;}:where(.kb-row-layout-id4247_01d266-32 > .kt-row-column-wrap) > .wp-block-kadence-column{justify-content:start;}.kb-row-layout-id4247_01d266-32 > .kt-row-column-wrap{column-gap:var(--global-kb-gap-md, 2rem);row-gap:var(--global-kb-gap-md, 2rem);max-width:var(--wp--style--global--content-size);padding-top:var(--global-kb-spacing-3xl, 6.5rem);grid-template-columns:minmax(0, 1fr);}.kb-row-layout-id4247_01d266-32 > .kt-row-layout-overlay{opacity:0.30;}@media all and (max-width: 1024px){.kb-row-layout-id4247_01d266-32 > .kt-row-column-wrap{grid-template-columns:minmax(0, 1fr);}}@media all and (max-width: 767px){.kb-row-layout-id4247_01d266-32 > .kt-row-column-wrap{grid-template-columns:minmax(0, 1fr);}}<\/style><div class=\"kb-row-layout-wrap kb-row-layout-id4247_01d266-32 alignnone has-kb-palette-11-background-color kt-row-has-bg wp-block-kadence-rowlayout\"><div class=\"kt-row-column-wrap kt-has-1-columns kt-row-layout-equal kt-tab-layout-inherit kt-mobile-layout-row kt-row-valign-top kb-theme-content-width\">\n<style>.kadence-column4247_d06878-c7 > .kt-inside-inner-col,.kadence-column4247_d06878-c7 > .kt-inside-inner-col:before{border-top-left-radius:0px;border-top-right-radius:0px;border-bottom-right-radius:0px;border-bottom-left-radius:0px;}.kadence-column4247_d06878-c7 > .kt-inside-inner-col{column-gap:var(--global-kb-gap-sm, 1rem);}.kadence-column4247_d06878-c7 > .kt-inside-inner-col{flex-direction:column;}.kadence-column4247_d06878-c7 > .kt-inside-inner-col > .aligncenter{width:100%;}.kadence-column4247_d06878-c7 > .kt-inside-inner-col:before{opacity:0.3;}.kadence-column4247_d06878-c7{text-align:center;}.kadence-column4247_d06878-c7{position:relative;}@media all and (max-width: 1024px){.kadence-column4247_d06878-c7 > .kt-inside-inner-col{flex-direction:column;justify-content:center;}}@media all and (max-width: 767px){.kadence-column4247_d06878-c7 > .kt-inside-inner-col{flex-direction:column;justify-content:center;}}<\/style>\n<div class=\"wp-block-kadence-column kadence-column4247_d06878-c7\"><div class=\"kt-inside-inner-col\"><div class=\"paragraphe_content block35  animate animateB none animation_duration_5 dark\"><h2 class=\"center animate animateB anim\">Discover our 4 locations\u2026<\/h2>\n<\/div><\/div><\/div>\n\n<\/div><\/div><style>.kb-row-layout-id4247_7abc25-e4 > .kt-row-column-wrap{align-content:start;}:where(.kb-row-layout-id4247_7abc25-e4 > .kt-row-column-wrap) > .wp-block-kadence-column{justify-content:start;}.kb-row-layout-id4247_7abc25-e4 > .kt-row-column-wrap{column-gap:var(--global-kb-gap-sm, 1rem);row-gap:var(--global-kb-gap-md, 2rem);max-width:var(--wp--style--global--content-size);padding-top:var(--global-kb-spacing-xs, 1rem);padding-bottom:var(--global-kb-spacing-3xl, 6.5rem);}.kb-row-layout-id4247_7abc25-e4 > .kt-row-column-wrap > div:not(.added-for-specificity){grid-column:initial;}.kb-row-layout-id4247_7abc25-e4 > .kt-row-column-wrap{grid-template-columns:repeat(4, minmax(0, 1fr));}.kb-row-layout-id4247_7abc25-e4{background-image:url('https:\/\/www.location-bateaux-electriques.com\/wp-content\/uploads\/2022\/03\/bg_corde_big.png');background-size:cover;background-position:center center;background-attachment:scroll;background-repeat:no-repeat;}.kb-row-layout-id4247_7abc25-e4 > .kt-row-layout-overlay{opacity:0.30;}@media all and (max-width: 1024px){.kb-row-layout-id4247_7abc25-e4 > .kt-row-column-wrap > div:not(.added-for-specificity){grid-column:initial;}}@media all and (max-width: 1024px){.kb-row-layout-id4247_7abc25-e4 > .kt-row-column-wrap{grid-template-columns:repeat(2, minmax(0, 1fr));}}@media all and (max-width: 767px){.kb-row-layout-id4247_7abc25-e4 > .kt-row-column-wrap > div:not(.added-for-specificity){grid-column:initial;}.kb-row-layout-id4247_7abc25-e4 > .kt-row-column-wrap{grid-template-columns:minmax(0, 1fr);}}<\/style><div class=\"kb-row-layout-wrap kb-row-layout-id4247_7abc25-e4 alignnone has-kb-palette-11-background-color kt-row-has-bg wp-block-kadence-rowlayout\"><div class=\"kt-row-column-wrap kt-has-4-columns kt-row-layout-equal kt-tab-layout-two-grid kt-mobile-layout-row kt-row-valign-top kb-theme-content-width\">\n<style>.kadence-column4247_a06663-6f > .kt-inside-inner-col,.kadence-column4247_a06663-6f > .kt-inside-inner-col:before{border-top-left-radius:0px;border-top-right-radius:0px;border-bottom-right-radius:0px;border-bottom-left-radius:0px;}.kadence-column4247_a06663-6f > .kt-inside-inner-col{column-gap:var(--global-kb-gap-sm, 1rem);}.kadence-column4247_a06663-6f > .kt-inside-inner-col{flex-direction:column;}.kadence-column4247_a06663-6f > .kt-inside-inner-col > .aligncenter{width:100%;}.kadence-column4247_a06663-6f > .kt-inside-inner-col:before{opacity:0.3;}.kadence-column4247_a06663-6f{position:relative;}@media all and (max-width: 1024px){.kadence-column4247_a06663-6f > .kt-inside-inner-col{flex-direction:column;justify-content:center;}}@media all and (max-width: 767px){.kadence-column4247_a06663-6f > .kt-inside-inner-col{flex-direction:column;justify-content:center;}}<\/style>\n<div class=\"wp-block-kadence-column kadence-column4247_a06663-6f\"><div class=\"kt-inside-inner-col\"><div class=\"lien_vers_page pagelink_style0\"><a href=\"https:\/\/www.location-bateaux-electriques.com\/sites\/nantes\" target=\"\"><div class=\"site_img\"><img decoding=\"async\" src=\"https:\/\/www.location-bateaux-electriques.com\/wp-content\/uploads\/2022\/04\/archive_nantes.jpg\" class=\"object-fit\"><span class=\"link_footer_baseline\"><p>Set sail just steps from the city<\/p>\n<\/span><\/div><div class=\"site_title\"><span>Nantes<br \/>\r\n\u00cele de Versailles<\/span><\/div><\/a><\/div><\/div><\/div>\n\n\n<style>.kadence-column4247_9cf143-2f > .kt-inside-inner-col,.kadence-column4247_9cf143-2f > .kt-inside-inner-col:before{border-top-left-radius:0px;border-top-right-radius:0px;border-bottom-right-radius:0px;border-bottom-left-radius:0px;}.kadence-column4247_9cf143-2f > .kt-inside-inner-col{column-gap:var(--global-kb-gap-sm, 1rem);}.kadence-column4247_9cf143-2f > .kt-inside-inner-col{flex-direction:column;}.kadence-column4247_9cf143-2f > .kt-inside-inner-col > .aligncenter{width:100%;}.kadence-column4247_9cf143-2f > .kt-inside-inner-col:before{opacity:0.3;}.kadence-column4247_9cf143-2f{position:relative;}@media all and (max-width: 1024px){.kadence-column4247_9cf143-2f > .kt-inside-inner-col{flex-direction:column;justify-content:center;}}@media all and (max-width: 767px){.kadence-column4247_9cf143-2f > .kt-inside-inner-col{flex-direction:column;justify-content:center;}}<\/style>\n<div class=\"wp-block-kadence-column kadence-column4247_9cf143-2f\"><div class=\"kt-inside-inner-col\"><div class=\"lien_vers_page pagelink_style0\"><a href=\"https:\/\/www.location-bateaux-electriques.com\/sites\/suce-sur-erdre\" target=\"\"><div class=\"site_img\"><img decoding=\"async\" src=\"https:\/\/www.location-bateaux-electriques.com\/wp-content\/uploads\/2016\/04\/archive_suce-sur-erdre.jpg\" class=\"object-fit\"><span class=\"link_footer_baseline\"><p>Navigate from Mazerolles<br \/>\nto the ch\u00e2teaux<\/p>\n<\/span><\/div><div class=\"site_title\"><span>Suc\u00e9-sur-Erdre<\/span><\/div><\/a><\/div><\/div><\/div>\n\n\n<style>.kadence-column4247_911b9c-b3 > .kt-inside-inner-col,.kadence-column4247_911b9c-b3 > .kt-inside-inner-col:before{border-top-left-radius:0px;border-top-right-radius:0px;border-bottom-right-radius:0px;border-bottom-left-radius:0px;}.kadence-column4247_911b9c-b3 > .kt-inside-inner-col{column-gap:var(--global-kb-gap-sm, 1rem);}.kadence-column4247_911b9c-b3 > .kt-inside-inner-col{flex-direction:column;}.kadence-column4247_911b9c-b3 > .kt-inside-inner-col > .aligncenter{width:100%;}.kadence-column4247_911b9c-b3 > .kt-inside-inner-col:before{opacity:0.3;}.kadence-column4247_911b9c-b3{position:relative;}@media all and (max-width: 1024px){.kadence-column4247_911b9c-b3 > .kt-inside-inner-col{flex-direction:column;justify-content:center;}}@media all and (max-width: 767px){.kadence-column4247_911b9c-b3 > .kt-inside-inner-col{flex-direction:column;justify-content:center;}}<\/style>\n<div class=\"wp-block-kadence-column kadence-column4247_911b9c-b3\"><div class=\"kt-inside-inner-col\"><div class=\"lien_vers_page pagelink_style0\"><a href=\"https:\/\/www.location-bateaux-electriques.com\/sites\/vertou\" target=\"\"><div class=\"site_img\"><img decoding=\"async\" src=\"https:\/\/www.location-bateaux-electriques.com\/wp-content\/uploads\/2022\/04\/Archive_RV_vertou.jpg\" class=\"object-fit\"><span class=\"link_footer_baseline\"><p>Sail through the heart of<br \/>\nintimate nature<\/p>\n<\/span><\/div><div class=\"site_title\"><span>Vertou<\/span><\/div><\/a><\/div><\/div><\/div>\n\n\n<style>.kadence-column4247_573101-c5 > .kt-inside-inner-col,.kadence-column4247_573101-c5 > .kt-inside-inner-col:before{border-top-left-radius:0px;border-top-right-radius:0px;border-bottom-right-radius:0px;border-bottom-left-radius:0px;}.kadence-column4247_573101-c5 > .kt-inside-inner-col{column-gap:var(--global-kb-gap-sm, 1rem);}.kadence-column4247_573101-c5 > .kt-inside-inner-col{flex-direction:column;}.kadence-column4247_573101-c5 > .kt-inside-inner-col > .aligncenter{width:100%;}.kadence-column4247_573101-c5 > .kt-inside-inner-col:before{opacity:0.3;}.kadence-column4247_573101-c5{position:relative;}@media all and (max-width: 1024px){.kadence-column4247_573101-c5 > .kt-inside-inner-col{flex-direction:column;justify-content:center;}}@media all and (max-width: 767px){.kadence-column4247_573101-c5 > .kt-inside-inner-col{flex-direction:column;justify-content:center;}}<\/style>\n<div class=\"wp-block-kadence-column kadence-column4247_573101-c5\"><div class=\"kt-inside-inner-col\"><div class=\"lien_vers_page pagelink_style0\"><a href=\"https:\/\/www.location-bateaux-electriques.com\/sites\/nort-sur-erdre\" target=\"\"><div class=\"site_img\"><img decoding=\"async\" src=\"https:\/\/www.location-bateaux-electriques.com\/wp-content\/uploads\/2022\/04\/Archive_RV_nort-sur-erdre.jpg\" class=\"object-fit\"><span class=\"link_footer_baseline\"><p>Set course for<br \/>\nthe wild Erdre<\/p>\n<\/span><\/div><div class=\"site_title\"><span>Nort-sur-Erdre<\/span><\/div><\/a><\/div><\/div><\/div>\n\n<\/div><\/div>","protected":false},"excerpt":{"rendered":"","protected":false},"author":5,"featured_media":0,"parent":0,"menu_order":0,"comment_status":"closed","ping_status":"closed","template":"","meta":{"_acf_changed":false,"inline_featured_image":false,"footnotes":""},"class_list":["post-10540","page","type-page","status-publish","hentry"],"acf":[],"yoast_head":"<!-- This site is optimized with the Yoast SEO plugin v27.4 - https:\/\/yoast.com\/product\/yoast-seo-wordpress\/ -->\n<title>Navigation Rules | Ruban Vert<\/title>\n<meta name=\"description\" content=\"You will find all our navigation rules here. Please read before boarding our electric boats or canoes\/kayaks.\" \/>\n<meta name=\"robots\" content=\"index, follow, max-snippet:-1, max-image-preview:large, max-video-preview:-1\" \/>\n<link rel=\"canonical\" href=\"https:\/\/www.location-bateaux-electriques.com\/en\/navigation-rules\" \/>\n<meta property=\"og:locale\" content=\"en_US\" \/>\n<meta property=\"og:type\" content=\"article\" \/>\n<meta property=\"og:title\" content=\"Navigation Rules | Ruban Vert\" \/>\n<meta property=\"og:description\" content=\"You will find all our navigation rules here. Please read before boarding our electric boats or canoes\/kayaks.\" \/>\n<meta property=\"og:url\" content=\"https:\/\/www.location-bateaux-electriques.com\/en\/navigation-rules\" \/>\n<meta property=\"og:site_name\" content=\"Location de bateaux \u00e9lectriques\" \/>\n<meta property=\"article:modified_time\" content=\"2026-04-21T07:54:30+00:00\" \/>\n<meta name=\"twitter:card\" content=\"summary_large_image\" \/>\n<script type=\"application\/ld+json\" class=\"yoast-schema-graph\">{\"@context\":\"https:\\\/\\\/schema.org\",\"@graph\":[{\"@type\":\"WebPage\",\"@id\":\"https:\\\/\\\/www.location-bateaux-electriques.com\\\/en\\\/navigation-rules\",\"url\":\"https:\\\/\\\/www.location-bateaux-electriques.com\\\/en\\\/navigation-rules\",\"name\":\"Navigation Rules | Ruban Vert\",\"isPartOf\":{\"@id\":\"https:\\\/\\\/www.location-bateaux-electriques.com\\\/en#website\"},\"datePublished\":\"2022-03-24T13:21:22+00:00\",\"dateModified\":\"2026-04-21T07:54:30+00:00\",\"description\":\"You will find all our navigation rules here. Please read before boarding our electric boats or canoes\\\/kayaks.\",\"breadcrumb\":{\"@id\":\"https:\\\/\\\/www.location-bateaux-electriques.com\\\/en\\\/navigation-rules#breadcrumb\"},\"inLanguage\":\"en-US\",\"potentialAction\":[{\"@type\":\"ReadAction\",\"target\":[\"https:\\\/\\\/www.location-bateaux-electriques.com\\\/en\\\/navigation-rules\"]}]},{\"@type\":\"BreadcrumbList\",\"@id\":\"https:\\\/\\\/www.location-bateaux-electriques.com\\\/en\\\/navigation-rules#breadcrumb\",\"itemListElement\":[{\"@type\":\"ListItem\",\"position\":1,\"name\":\"Accueil\",\"item\":\"https:\\\/\\\/www.location-bateaux-electriques.com\\\/en\"},{\"@type\":\"ListItem\",\"position\":2,\"name\":\"Navigation Rules\"}]},{\"@type\":\"WebSite\",\"@id\":\"https:\\\/\\\/www.location-bateaux-electriques.com\\\/en#website\",\"url\":\"https:\\\/\\\/www.location-bateaux-electriques.com\\\/en\",\"name\":\"Location de bateaux \u00e9lectriques\",\"description\":\"Location de bateaux \u00e9lectriques \u00e0 Nantes, Suc\u00e9-sur-Erdre, Vertou et Nort-sur-Erdre\",\"potentialAction\":[{\"@type\":\"SearchAction\",\"target\":{\"@type\":\"EntryPoint\",\"urlTemplate\":\"https:\\\/\\\/www.location-bateaux-electriques.com\\\/en?s={search_term_string}\"},\"query-input\":{\"@type\":\"PropertyValueSpecification\",\"valueRequired\":true,\"valueName\":\"search_term_string\"}}],\"inLanguage\":\"en-US\"}]}<\/script>\n<!-- \/ Yoast SEO plugin. -->","yoast_head_json":{"title":"Navigation Rules | Ruban Vert","description":"You will find all our navigation rules here. Please read before boarding our electric boats or canoes\/kayaks.","robots":{"index":"index","follow":"follow","max-snippet":"max-snippet:-1","max-image-preview":"max-image-preview:large","max-video-preview":"max-video-preview:-1"},"canonical":"https:\/\/www.location-bateaux-electriques.com\/en\/navigation-rules","og_locale":"en_US","og_type":"article","og_title":"Navigation Rules | Ruban Vert","og_description":"You will find all our navigation rules here. Please read before boarding our electric boats or canoes\/kayaks.","og_url":"https:\/\/www.location-bateaux-electriques.com\/en\/navigation-rules","og_site_name":"Location de bateaux \u00e9lectriques","article_modified_time":"2026-04-21T07:54:30+00:00","twitter_card":"summary_large_image","schema":{"@context":"https:\/\/schema.org","@graph":[{"@type":"WebPage","@id":"https:\/\/www.location-bateaux-electriques.com\/en\/navigation-rules","url":"https:\/\/www.location-bateaux-electriques.com\/en\/navigation-rules","name":"Navigation Rules | Ruban Vert","isPartOf":{"@id":"https:\/\/www.location-bateaux-electriques.com\/en#website"},"datePublished":"2022-03-24T13:21:22+00:00","dateModified":"2026-04-21T07:54:30+00:00","description":"You will find all our navigation rules here. Please read before boarding our electric boats or canoes\/kayaks.","breadcrumb":{"@id":"https:\/\/www.location-bateaux-electriques.com\/en\/navigation-rules#breadcrumb"},"inLanguage":"en-US","potentialAction":[{"@type":"ReadAction","target":["https:\/\/www.location-bateaux-electriques.com\/en\/navigation-rules"]}]},{"@type":"BreadcrumbList","@id":"https:\/\/www.location-bateaux-electriques.com\/en\/navigation-rules#breadcrumb","itemListElement":[{"@type":"ListItem","position":1,"name":"Accueil","item":"https:\/\/www.location-bateaux-electriques.com\/en"},{"@type":"ListItem","position":2,"name":"Navigation Rules"}]},{"@type":"WebSite","@id":"https:\/\/www.location-bateaux-electriques.com\/en#website","url":"https:\/\/www.location-bateaux-electriques.com\/en","name":"Location de bateaux \u00e9lectriques","description":"Location de bateaux \u00e9lectriques \u00e0 Nantes, Suc\u00e9-sur-Erdre, Vertou et Nort-sur-Erdre","potentialAction":[{"@type":"SearchAction","target":{"@type":"EntryPoint","urlTemplate":"https:\/\/www.location-bateaux-electriques.com\/en?s={search_term_string}"},"query-input":{"@type":"PropertyValueSpecification","valueRequired":true,"valueName":"search_term_string"}}],"inLanguage":"en-US"}]}},"_links":{"self":[{"href":"https:\/\/www.location-bateaux-electriques.com\/en\/wp-json\/wp\/v2\/pages\/10540","targetHints":{"allow":["GET"]}}],"collection":[{"href":"https:\/\/www.location-bateaux-electriques.com\/en\/wp-json\/wp\/v2\/pages"}],"about":[{"href":"https:\/\/www.location-bateaux-electriques.com\/en\/wp-json\/wp\/v2\/types\/page"}],"author":[{"embeddable":true,"href":"https:\/\/www.location-bateaux-electriques.com\/en\/wp-json\/wp\/v2\/users\/5"}],"replies":[{"embeddable":true,"href":"https:\/\/www.location-bateaux-electriques.com\/en\/wp-json\/wp\/v2\/comments?post=10540"}],"version-history":[{"count":1,"href":"https:\/\/www.location-bateaux-electriques.com\/en\/wp-json\/wp\/v2\/pages\/10540\/revisions"}],"predecessor-version":[{"id":10542,"href":"https:\/\/www.location-bateaux-electriques.com\/en\/wp-json\/wp\/v2\/pages\/10540\/revisions\/10542"}],"wp:attachment":[{"href":"https:\/\/www.location-bateaux-electriques.com\/en\/wp-json\/wp\/v2\/media?parent=10540"}],"curies":[{"name":"wp","href":"https:\/\/api.w.org\/{rel}","templated":true}]}}