{"id":10606,"date":"2018-01-11T00:47:57","date_gmt":"2018-01-10T23:47:57","guid":{"rendered":"https:\/\/www.location-bateaux-electriques.com\/safety-guidelines"},"modified":"2026-04-21T09:05:47","modified_gmt":"2026-04-21T08:05:47","slug":"safety-guidelines","status":"publish","type":"page","link":"https:\/\/www.location-bateaux-electriques.com\/en\/safety-guidelines","title":{"rendered":"Safety Guidelines"},"content":{"rendered":"<style>.kb-row-layout-id699_b8e3f8-f3 > .kt-row-column-wrap{align-content:start;}:where(.kb-row-layout-id699_b8e3f8-f3 > .kt-row-column-wrap) > .wp-block-kadence-column{justify-content:start;}.kb-row-layout-id699_b8e3f8-f3 > .kt-row-column-wrap{column-gap:var(--global-kb-gap-md, 2rem);row-gap:var(--global-kb-gap-md, 2rem);padding-right:0px;padding-left:0px;grid-template-columns:minmax(0, 1fr);}.kb-row-layout-id699_b8e3f8-f3{background-image:url('https:\/\/www.location-bateaux-electriques.com\/wp-content\/uploads\/2022\/07\/bandeau-securite\u0301.jpg');background-size:cover;background-position:49% 18%;background-attachment:scroll;background-repeat:no-repeat;}.kb-row-layout-id699_b8e3f8-f3 > .kt-row-layout-overlay{opacity:0.30;}@media all and (max-width: 1024px){.kb-row-layout-id699_b8e3f8-f3 > .kt-row-column-wrap{grid-template-columns:minmax(0, 1fr);}}@media all and (max-width: 767px){.kb-row-layout-id699_b8e3f8-f3 > .kt-row-column-wrap{grid-template-columns:minmax(0, 1fr);}}<\/style><div class=\"kb-row-layout-wrap kb-row-layout-id699_b8e3f8-f3 alignnone kt-row-has-bg wp-block-kadence-rowlayout\"><div class=\"kt-row-column-wrap kt-has-1-columns kt-row-layout-equal kt-tab-layout-inherit kt-mobile-layout-row kt-row-valign-top\">\n<style>.kadence-column699_4302fd-f4 > .kt-inside-inner-col,.kadence-column699_4302fd-f4 > .kt-inside-inner-col:before{border-top-left-radius:0px;border-top-right-radius:0px;border-bottom-right-radius:0px;border-bottom-left-radius:0px;}.kadence-column699_4302fd-f4 > .kt-inside-inner-col{column-gap:var(--global-kb-gap-sm, 1rem);}.kadence-column699_4302fd-f4 > .kt-inside-inner-col{flex-direction:column;}.kadence-column699_4302fd-f4 > .kt-inside-inner-col > .aligncenter{width:100%;}.kadence-column699_4302fd-f4 > .kt-inside-inner-col:before{opacity:0.3;}.kadence-column699_4302fd-f4{position:relative;}@media all and (max-width: 1024px){.kadence-column699_4302fd-f4 > .kt-inside-inner-col{flex-direction:column;justify-content:center;}}@media all and (max-width: 767px){.kadence-column699_4302fd-f4 > .kt-inside-inner-col{flex-direction:column;justify-content:center;}}<\/style>\n<div class=\"wp-block-kadence-column kadence-column699_4302fd-f4\"><div class=\"kt-inside-inner-col\"><!-- BANDEAU --><section class=\"block_bandeau\"><div class=\"outer_bandeau\"><div class=\"container relative   \"><div class=\"bandeau\"><div class=\"container\"><h1>SAFETY<br \/>\r\nGUIDELINES<\/h1><strong>Navigate safely!<\/strong><\/div><\/div><div class=\"menu-bandeau\"><div class=\"lcontainer container\"><div class=\"menu-menu-bandeau-fr-container\"><ul id=\"menu-menu-bandeau-fr\" class=\"bandeau-nav\"><li id=\"menu-item-9071\" class=\"menu-item menu-item-type-post_type menu-item-object-sites menu-item-9071\"><a href=\"https:\/\/www.location-bateaux-electriques.com\/en\/sites\/nantes\"><span>Nantes &#8211; \u00cele de Versailles<\/span><\/a><\/li>\n<li id=\"menu-item-9070\" class=\"menu-item menu-item-type-post_type menu-item-object-sites menu-item-9070\"><a href=\"https:\/\/www.location-bateaux-electriques.com\/en\/sites\/suce-sur-erdre\"><span>Suc\u00e9-sur-Erdre<\/span><\/a><\/li>\n<li id=\"menu-item-9069\" class=\"menu-item menu-item-type-post_type menu-item-object-sites menu-item-9069\"><a href=\"https:\/\/www.location-bateaux-electriques.com\/en\/sites\/vertou\"><span>Vertou<\/span><\/a><\/li>\n<li id=\"menu-item-9068\" class=\"menu-item menu-item-type-post_type menu-item-object-sites menu-item-9068\"><a href=\"https:\/\/www.location-bateaux-electriques.com\/en\/sites\/nort-sur-erdre\"><span>Nort-sur-Erdre<\/span><\/a><\/li>\n<li id=\"menu-item-9072\" class=\"btn-cadeau menu-item menu-item-type-post_type_archive menu-item-object-product menu-item-9072\"><a href=\"https:\/\/www.location-bateaux-electriques.com\/en\/shop\"><span>Bon cadeau<\/span><\/a><\/li>\n<\/ul><\/div><\/div><\/div><\/div><\/div><\/section><section class=\"breadcrumb\"><div class=\"container lcontainer\"><p id=\"breadcrumbs\"><span><span><a href=\"https:\/\/www.location-bateaux-electriques.com\/en\">Accueil<\/a><\/span><\/span><\/p><\/div><\/section><\/div><\/div>\n\n<\/div><\/div><style>.kb-row-layout-id699_17332a-4f > .kt-row-column-wrap{align-content:start;}:where(.kb-row-layout-id699_17332a-4f > .kt-row-column-wrap) > .wp-block-kadence-column{justify-content:start;}.kb-row-layout-id699_17332a-4f > .kt-row-column-wrap{column-gap:var(--global-kb-gap-md, 2rem);row-gap:var(--global-kb-gap-md, 2rem);max-width:var(--wp--style--global--content-size);padding-top:var(--global-kb-spacing-4xl, 8rem);padding-bottom:var(--global-kb-spacing-4xl, 8rem);grid-template-columns:minmax(0, 1fr);}.kb-row-layout-id699_17332a-4f{background-image:url('https:\/\/www.location-bateaux-electriques.com\/wp-content\/uploads\/2022\/03\/bg_corde_big.png');background-size:cover;background-position:center center;background-attachment:scroll;background-repeat:no-repeat;}.kb-row-layout-id699_17332a-4f > .kt-row-layout-overlay{opacity:0.30;}@media all and (max-width: 1024px){.kb-row-layout-id699_17332a-4f > .kt-row-column-wrap{grid-template-columns:minmax(0, 1fr);}}@media all and (max-width: 767px){.kb-row-layout-id699_17332a-4f > .kt-row-column-wrap{grid-template-columns:minmax(0, 1fr);}}<\/style><div class=\"kb-row-layout-wrap kb-row-layout-id699_17332a-4f alignnone kt-row-has-bg wp-block-kadence-rowlayout\"><div class=\"kt-row-column-wrap kt-has-1-columns kt-row-layout-equal kt-tab-layout-inherit kt-mobile-layout-row kt-row-valign-top kb-theme-content-width\">\n<style>.kadence-column699_6bc777-3e > .kt-inside-inner-col,.kadence-column699_6bc777-3e > .kt-inside-inner-col:before{border-top-left-radius:0px;border-top-right-radius:0px;border-bottom-right-radius:0px;border-bottom-left-radius:0px;}.kadence-column699_6bc777-3e > .kt-inside-inner-col{column-gap:var(--global-kb-gap-sm, 1rem);}.kadence-column699_6bc777-3e > .kt-inside-inner-col{flex-direction:column;}.kadence-column699_6bc777-3e > .kt-inside-inner-col > .aligncenter{width:100%;}.kadence-column699_6bc777-3e > .kt-inside-inner-col:before{opacity:0.3;}.kadence-column699_6bc777-3e{position:relative;}@media all and (max-width: 1024px){.kadence-column699_6bc777-3e > .kt-inside-inner-col{flex-direction:column;justify-content:center;}}@media all and (max-width: 767px){.kadence-column699_6bc777-3e > .kt-inside-inner-col{flex-direction:column;justify-content:center;}}<\/style>\n<div class=\"wp-block-kadence-column kadence-column699_6bc777-3e\"><div class=\"kt-inside-inner-col\"><div class=\"paragraphe_content block35  dark\"><h2>Safety is an essential element of your rental<\/h2>\n<\/div>\n\n<div class=\"paragraphe_content block35  dark\"><p><span class=\"style_mea_vert\">Here are a few safety guidelines to follow to fully enjoy your trip along the Erdre or the S\u00e8vre Nantaise.<\/span><\/p>\n<\/div>\n\n<div class=\"paragraphe_content block35  dark\"><p>1 \u2013 <strong>A life jacket<\/strong> has been provided to each crew member. We remind you that wearing them is mandatory. <\/p>\n<p>2\u2013 <strong>Alcohol consumption is prohibited for the pilot<\/strong> and in all cases, it must be consumed in moderation.<\/p>\n<p>3 \u2013 <strong>Stopping on undeveloped banks and under bridges is prohibited.<\/strong> If you need to stop, <strong>refer to this map or download the free Ruban Vert app<\/strong> on the <a href=\"https:\/\/apps.apple.com\/fr\/app\/ruban-vert\/id1457692286\">App Store<\/a> or <a href=\"https:\/\/play.google.com\/store\/apps\/details?id=com.locationbateauxelectriques.rallyenautic&amp;gl=FR\">Google Play<\/a>.<\/p>\n<p>Authorized docks are:<br \/>\n<strong>\u2022 Between Nantes and Nort-sur-Erdre<\/strong>; Port des Charrettes, Anse de Gachet, Port de Suc\u00e9-sur-Erdre, La Gamotrie, the end of the Plaine de la Poupini\u00e8re, and the Port de Nort-sur-Erdre<br \/>\n<strong>\u2022 From Vertou:<\/strong> the Port de la Haie-Fouassi\u00e8re<\/p>\n<p>4 \u2013 If you pass any fishers, <strong>please keep clear of their lines\u2026<\/strong><\/p>\n<p>5 \u2013 Before departing, please check that <strong>you have the necessary safety equipment for your cruise to run smoothly.<\/strong> Namely: hats, sunscreen, life jackets, a phone with a full battery, cushions, blankets, etc.<\/p>\n<p>6 \u2013 Upon your return to the dock, <strong>please wait for instructions from the Ruban Vert crew member before docking and disembarking from your boat.<\/strong><\/p>\n<p>In the event of damage, incidents, or accidents, please contact us <strong>at 06 28 13 31 45, 06 76 14 21 89, or 06 81 85 81 83.<\/strong><br \/>\nYou can now fully enjoy your rental.<\/p>\n<\/div>\n\n<div class=\"paragraphe_content block35  dark\"><p><span class=\"style_mea_vert\">Thank you and enjoy your navigation!<\/span><\/p>\n<\/div>\n\n<div class=\"paragraphe_content block35  dark\"><p>The Ruban Vert Team<\/p>\n<\/div><\/div><\/div>\n\n<\/div><\/div><style>.kb-row-layout-id699_acf349-17 > .kt-row-column-wrap{align-content:start;}:where(.kb-row-layout-id699_acf349-17 > .kt-row-column-wrap) > .wp-block-kadence-column{justify-content:start;}.kb-row-layout-id699_acf349-17 > .kt-row-column-wrap{column-gap:var(--global-kb-gap-md, 2rem);row-gap:var(--global-kb-gap-md, 2rem);max-width:var(--wp--style--global--content-size);padding-top:var(--global-kb-spacing-3xl, 6.5rem);grid-template-columns:minmax(0, 1fr);}.kb-row-layout-id699_acf349-17 > .kt-row-layout-overlay{opacity:0.30;}@media all and (max-width: 1024px){.kb-row-layout-id699_acf349-17 > .kt-row-column-wrap{grid-template-columns:minmax(0, 1fr);}}@media all and (max-width: 767px){.kb-row-layout-id699_acf349-17 > .kt-row-column-wrap{grid-template-columns:minmax(0, 1fr);}}<\/style><div class=\"kb-row-layout-wrap kb-row-layout-id699_acf349-17 alignnone has-kb-palette-11-background-color kt-row-has-bg wp-block-kadence-rowlayout\"><div class=\"kt-row-column-wrap kt-has-1-columns kt-row-layout-equal kt-tab-layout-inherit kt-mobile-layout-row kt-row-valign-top kb-theme-content-width\">\n<style>.kadence-column699_e89618-39 > .kt-inside-inner-col,.kadence-column699_e89618-39 > .kt-inside-inner-col:before{border-top-left-radius:0px;border-top-right-radius:0px;border-bottom-right-radius:0px;border-bottom-left-radius:0px;}.kadence-column699_e89618-39 > .kt-inside-inner-col{column-gap:var(--global-kb-gap-sm, 1rem);}.kadence-column699_e89618-39 > .kt-inside-inner-col{flex-direction:column;}.kadence-column699_e89618-39 > .kt-inside-inner-col > .aligncenter{width:100%;}.kadence-column699_e89618-39 > .kt-inside-inner-col:before{opacity:0.3;}.kadence-column699_e89618-39{text-align:center;}.kadence-column699_e89618-39{position:relative;}@media all and (max-width: 1024px){.kadence-column699_e89618-39 > .kt-inside-inner-col{flex-direction:column;justify-content:center;}}@media all and (max-width: 767px){.kadence-column699_e89618-39 > .kt-inside-inner-col{flex-direction:column;justify-content:center;}}<\/style>\n<div class=\"wp-block-kadence-column kadence-column699_e89618-39\"><div class=\"kt-inside-inner-col\"><div class=\"paragraphe_content block35  animate animateB none animation_duration_5 dark\"><h2 class=\"center animate animateB anim\">Discover our 4 locations\u2026<\/h2>\n<\/div><\/div><\/div>\n\n<\/div><\/div><style>.kb-row-layout-id699_d8d29c-e4 > .kt-row-column-wrap{align-content:start;}:where(.kb-row-layout-id699_d8d29c-e4 > .kt-row-column-wrap) > .wp-block-kadence-column{justify-content:start;}.kb-row-layout-id699_d8d29c-e4 > .kt-row-column-wrap{column-gap:var(--global-kb-gap-sm, 1rem);row-gap:var(--global-kb-gap-md, 2rem);max-width:var(--wp--style--global--content-size);padding-top:var(--global-kb-spacing-xs, 1rem);padding-bottom:var(--global-kb-spacing-sm, 1.5rem);}.kb-row-layout-id699_d8d29c-e4 > .kt-row-column-wrap > div:not(.added-for-specificity){grid-column:initial;}.kb-row-layout-id699_d8d29c-e4 > .kt-row-column-wrap{grid-template-columns:repeat(4, minmax(0, 1fr));}.kb-row-layout-id699_d8d29c-e4 > .kt-row-layout-overlay{opacity:0.30;}@media all and (max-width: 1024px){.kb-row-layout-id699_d8d29c-e4 > .kt-row-column-wrap > div:not(.added-for-specificity){grid-column:initial;}}@media all and (max-width: 1024px){.kb-row-layout-id699_d8d29c-e4 > .kt-row-column-wrap{grid-template-columns:repeat(2, minmax(0, 1fr));}}@media all and (max-width: 767px){.kb-row-layout-id699_d8d29c-e4 > .kt-row-column-wrap > div:not(.added-for-specificity){grid-column:initial;}.kb-row-layout-id699_d8d29c-e4 > .kt-row-column-wrap{grid-template-columns:minmax(0, 1fr);}}<\/style><div class=\"kb-row-layout-wrap kb-row-layout-id699_d8d29c-e4 alignnone has-kb-palette-11-background-color kt-row-has-bg wp-block-kadence-rowlayout\"><div class=\"kt-row-column-wrap kt-has-4-columns kt-row-layout-equal kt-tab-layout-two-grid kt-mobile-layout-row kt-row-valign-top kb-theme-content-width\">\n<style>.kadence-column699_92b2ad-27 > .kt-inside-inner-col,.kadence-column699_92b2ad-27 > .kt-inside-inner-col:before{border-top-left-radius:0px;border-top-right-radius:0px;border-bottom-right-radius:0px;border-bottom-left-radius:0px;}.kadence-column699_92b2ad-27 > .kt-inside-inner-col{column-gap:var(--global-kb-gap-sm, 1rem);}.kadence-column699_92b2ad-27 > .kt-inside-inner-col{flex-direction:column;}.kadence-column699_92b2ad-27 > .kt-inside-inner-col > .aligncenter{width:100%;}.kadence-column699_92b2ad-27 > .kt-inside-inner-col:before{opacity:0.3;}.kadence-column699_92b2ad-27{position:relative;}@media all and (max-width: 1024px){.kadence-column699_92b2ad-27 > .kt-inside-inner-col{flex-direction:column;justify-content:center;}}@media all and (max-width: 767px){.kadence-column699_92b2ad-27 > .kt-inside-inner-col{flex-direction:column;justify-content:center;}}<\/style>\n<div class=\"wp-block-kadence-column kadence-column699_92b2ad-27\"><div class=\"kt-inside-inner-col\"><div class=\"lien_vers_page pagelink_style0\"><a href=\"https:\/\/www.location-bateaux-electriques.com\/sites\/nantes\" target=\"\"><div class=\"site_img\"><img decoding=\"async\" src=\"https:\/\/www.location-bateaux-electriques.com\/wp-content\/uploads\/2022\/04\/archive_nantes.jpg\" class=\"object-fit\"><span class=\"link_footer_baseline\"><p>Get away from it all just steps from the city<\/p>\n<\/span><\/div><div class=\"site_title\"><span>Nantes<br \/>\r\n\u00cele de Versailles<\/span><\/div><\/a><\/div><\/div><\/div>\n\n\n<style>.kadence-column699_b3ceaf-92 > .kt-inside-inner-col,.kadence-column699_b3ceaf-92 > .kt-inside-inner-col:before{border-top-left-radius:0px;border-top-right-radius:0px;border-bottom-right-radius:0px;border-bottom-left-radius:0px;}.kadence-column699_b3ceaf-92 > .kt-inside-inner-col{column-gap:var(--global-kb-gap-sm, 1rem);}.kadence-column699_b3ceaf-92 > .kt-inside-inner-col{flex-direction:column;}.kadence-column699_b3ceaf-92 > .kt-inside-inner-col > .aligncenter{width:100%;}.kadence-column699_b3ceaf-92 > .kt-inside-inner-col:before{opacity:0.3;}.kadence-column699_b3ceaf-92{position:relative;}@media all and (max-width: 1024px){.kadence-column699_b3ceaf-92 > .kt-inside-inner-col{flex-direction:column;justify-content:center;}}@media all and (max-width: 767px){.kadence-column699_b3ceaf-92 > .kt-inside-inner-col{flex-direction:column;justify-content:center;}}<\/style>\n<div class=\"wp-block-kadence-column kadence-column699_b3ceaf-92\"><div class=\"kt-inside-inner-col\"><div class=\"lien_vers_page pagelink_style0\"><a href=\"https:\/\/www.location-bateaux-electriques.com\/sites\/suce-sur-erdre\" target=\"\"><div class=\"site_img\"><img decoding=\"async\" src=\"https:\/\/www.location-bateaux-electriques.com\/wp-content\/uploads\/2016\/04\/archive_suce-sur-erdre.jpg\" class=\"object-fit\"><span class=\"link_footer_baseline\"><p>Cruise from Mazerolles<br \/>\nto the ch\u00e2teaux<\/p>\n<\/span><\/div><div class=\"site_title\"><span>Suc\u00e9-sur-Erdre<\/span><\/div><\/a><\/div><\/div><\/div>\n\n\n<style>.kadence-column699_138e2b-b2 > .kt-inside-inner-col,.kadence-column699_138e2b-b2 > .kt-inside-inner-col:before{border-top-left-radius:0px;border-top-right-radius:0px;border-bottom-right-radius:0px;border-bottom-left-radius:0px;}.kadence-column699_138e2b-b2 > .kt-inside-inner-col{column-gap:var(--global-kb-gap-sm, 1rem);}.kadence-column699_138e2b-b2 > .kt-inside-inner-col{flex-direction:column;}.kadence-column699_138e2b-b2 > .kt-inside-inner-col > .aligncenter{width:100%;}.kadence-column699_138e2b-b2 > .kt-inside-inner-col:before{opacity:0.3;}.kadence-column699_138e2b-b2{position:relative;}@media all and (max-width: 1024px){.kadence-column699_138e2b-b2 > .kt-inside-inner-col{flex-direction:column;justify-content:center;}}@media all and (max-width: 767px){.kadence-column699_138e2b-b2 > .kt-inside-inner-col{flex-direction:column;justify-content:center;}}<\/style>\n<div class=\"wp-block-kadence-column kadence-column699_138e2b-b2\"><div class=\"kt-inside-inner-col\"><div class=\"lien_vers_page pagelink_style0\"><a href=\"https:\/\/www.location-bateaux-electriques.com\/sites\/vertou\" target=\"\"><div class=\"site_img\"><img decoding=\"async\" src=\"https:\/\/www.location-bateaux-electriques.com\/wp-content\/uploads\/2022\/04\/Archive_RV_vertou.jpg\" class=\"object-fit\"><span class=\"link_footer_baseline\"><p>Sail in the heart of<br \/>\nan intimate natural setting<\/p>\n<\/span><\/div><div class=\"site_title\"><span>Vertou<\/span><\/div><\/a><\/div><\/div><\/div>\n\n\n<style>.kadence-column699_70b0a0-45 > .kt-inside-inner-col,.kadence-column699_70b0a0-45 > .kt-inside-inner-col:before{border-top-left-radius:0px;border-top-right-radius:0px;border-bottom-right-radius:0px;border-bottom-left-radius:0px;}.kadence-column699_70b0a0-45 > .kt-inside-inner-col{column-gap:var(--global-kb-gap-sm, 1rem);}.kadence-column699_70b0a0-45 > .kt-inside-inner-col{flex-direction:column;}.kadence-column699_70b0a0-45 > .kt-inside-inner-col > .aligncenter{width:100%;}.kadence-column699_70b0a0-45 > .kt-inside-inner-col:before{opacity:0.3;}.kadence-column699_70b0a0-45{position:relative;}@media all and (max-width: 1024px){.kadence-column699_70b0a0-45 > .kt-inside-inner-col{flex-direction:column;justify-content:center;}}@media all and (max-width: 767px){.kadence-column699_70b0a0-45 > .kt-inside-inner-col{flex-direction:column;justify-content:center;}}<\/style>\n<div class=\"wp-block-kadence-column kadence-column699_70b0a0-45\"><div class=\"kt-inside-inner-col\"><div class=\"lien_vers_page pagelink_style0\"><a href=\"https:\/\/www.location-bateaux-electriques.com\/sites\/nort-sur-erdre\" target=\"\"><div class=\"site_img\"><img decoding=\"async\" src=\"https:\/\/www.location-bateaux-electriques.com\/wp-content\/uploads\/2022\/04\/Archive_RV_nort-sur-erdre.jpg\" class=\"object-fit\"><span class=\"link_footer_baseline\"><p>Set a course for<br \/>\nthe wild Erdre<\/p>\n<\/span><\/div><div class=\"site_title\"><span>Nort-sur-Erdre<\/span><\/div><\/a><\/div><\/div><\/div>\n\n<\/div><\/div>","protected":false},"excerpt":{"rendered":"","protected":false},"author":2,"featured_media":0,"parent":0,"menu_order":0,"comment_status":"closed","ping_status":"closed","template":"","meta":{"_acf_changed":false,"inline_featured_image":false,"footnotes":""},"class_list":["post-10606","page","type-page","status-publish","hentry"],"acf":[],"yoast_head":"<!-- This site is optimized with the Yoast SEO plugin v27.4 - https:\/\/yoast.com\/product\/yoast-seo-wordpress\/ -->\n<title>Safety Guidelines | Ruban Vert<\/title>\n<meta name=\"description\" content=\"You will find all our safety guidelines here. Please read them before boarding our electric boats or canoes \/ kayaks.\" \/>\n<meta name=\"robots\" content=\"index, follow, max-snippet:-1, max-image-preview:large, max-video-preview:-1\" \/>\n<link rel=\"canonical\" href=\"https:\/\/www.location-bateaux-electriques.com\/en\/safety-guidelines\" \/>\n<meta property=\"og:locale\" content=\"en_US\" \/>\n<meta property=\"og:type\" content=\"article\" \/>\n<meta property=\"og:title\" content=\"Safety Guidelines | Ruban Vert\" \/>\n<meta property=\"og:description\" content=\"You will find all our safety guidelines here. Please read them before boarding our electric boats or canoes \/ kayaks.\" \/>\n<meta property=\"og:url\" content=\"https:\/\/www.location-bateaux-electriques.com\/en\/safety-guidelines\" \/>\n<meta property=\"og:site_name\" content=\"Location de bateaux \u00e9lectriques\" \/>\n<meta property=\"article:modified_time\" content=\"2026-04-21T08:05:47+00:00\" \/>\n<meta name=\"twitter:card\" content=\"summary_large_image\" \/>\n<script type=\"application\/ld+json\" class=\"yoast-schema-graph\">{\"@context\":\"https:\\\/\\\/schema.org\",\"@graph\":[{\"@type\":\"WebPage\",\"@id\":\"https:\\\/\\\/www.location-bateaux-electriques.com\\\/en\\\/safety-guidelines\",\"url\":\"https:\\\/\\\/www.location-bateaux-electriques.com\\\/en\\\/safety-guidelines\",\"name\":\"Safety Guidelines | Ruban Vert\",\"isPartOf\":{\"@id\":\"https:\\\/\\\/www.location-bateaux-electriques.com\\\/en#website\"},\"datePublished\":\"2018-01-10T23:47:57+00:00\",\"dateModified\":\"2026-04-21T08:05:47+00:00\",\"description\":\"You will find all our safety guidelines here. Please read them before boarding our electric boats or canoes \\\/ kayaks.\",\"breadcrumb\":{\"@id\":\"https:\\\/\\\/www.location-bateaux-electriques.com\\\/en\\\/safety-guidelines#breadcrumb\"},\"inLanguage\":\"en-US\",\"potentialAction\":[{\"@type\":\"ReadAction\",\"target\":[\"https:\\\/\\\/www.location-bateaux-electriques.com\\\/en\\\/safety-guidelines\"]}]},{\"@type\":\"BreadcrumbList\",\"@id\":\"https:\\\/\\\/www.location-bateaux-electriques.com\\\/en\\\/safety-guidelines#breadcrumb\",\"itemListElement\":[{\"@type\":\"ListItem\",\"position\":1,\"name\":\"Accueil\",\"item\":\"https:\\\/\\\/www.location-bateaux-electriques.com\\\/en\"},{\"@type\":\"ListItem\",\"position\":2,\"name\":\"Safety Guidelines\"}]},{\"@type\":\"WebSite\",\"@id\":\"https:\\\/\\\/www.location-bateaux-electriques.com\\\/en#website\",\"url\":\"https:\\\/\\\/www.location-bateaux-electriques.com\\\/en\",\"name\":\"Location de bateaux \u00e9lectriques\",\"description\":\"Location de bateaux \u00e9lectriques \u00e0 Nantes, Suc\u00e9-sur-Erdre, Vertou et Nort-sur-Erdre\",\"potentialAction\":[{\"@type\":\"SearchAction\",\"target\":{\"@type\":\"EntryPoint\",\"urlTemplate\":\"https:\\\/\\\/www.location-bateaux-electriques.com\\\/en?s={search_term_string}\"},\"query-input\":{\"@type\":\"PropertyValueSpecification\",\"valueRequired\":true,\"valueName\":\"search_term_string\"}}],\"inLanguage\":\"en-US\"}]}<\/script>\n<!-- \/ Yoast SEO plugin. -->","yoast_head_json":{"title":"Safety Guidelines | Ruban Vert","description":"You will find all our safety guidelines here. Please read them before boarding our electric boats or canoes \/ kayaks.","robots":{"index":"index","follow":"follow","max-snippet":"max-snippet:-1","max-image-preview":"max-image-preview:large","max-video-preview":"max-video-preview:-1"},"canonical":"https:\/\/www.location-bateaux-electriques.com\/en\/safety-guidelines","og_locale":"en_US","og_type":"article","og_title":"Safety Guidelines | Ruban Vert","og_description":"You will find all our safety guidelines here. Please read them before boarding our electric boats or canoes \/ kayaks.","og_url":"https:\/\/www.location-bateaux-electriques.com\/en\/safety-guidelines","og_site_name":"Location de bateaux \u00e9lectriques","article_modified_time":"2026-04-21T08:05:47+00:00","twitter_card":"summary_large_image","schema":{"@context":"https:\/\/schema.org","@graph":[{"@type":"WebPage","@id":"https:\/\/www.location-bateaux-electriques.com\/en\/safety-guidelines","url":"https:\/\/www.location-bateaux-electriques.com\/en\/safety-guidelines","name":"Safety Guidelines | Ruban Vert","isPartOf":{"@id":"https:\/\/www.location-bateaux-electriques.com\/en#website"},"datePublished":"2018-01-10T23:47:57+00:00","dateModified":"2026-04-21T08:05:47+00:00","description":"You will find all our safety guidelines here. Please read them before boarding our electric boats or canoes \/ kayaks.","breadcrumb":{"@id":"https:\/\/www.location-bateaux-electriques.com\/en\/safety-guidelines#breadcrumb"},"inLanguage":"en-US","potentialAction":[{"@type":"ReadAction","target":["https:\/\/www.location-bateaux-electriques.com\/en\/safety-guidelines"]}]},{"@type":"BreadcrumbList","@id":"https:\/\/www.location-bateaux-electriques.com\/en\/safety-guidelines#breadcrumb","itemListElement":[{"@type":"ListItem","position":1,"name":"Accueil","item":"https:\/\/www.location-bateaux-electriques.com\/en"},{"@type":"ListItem","position":2,"name":"Safety Guidelines"}]},{"@type":"WebSite","@id":"https:\/\/www.location-bateaux-electriques.com\/en#website","url":"https:\/\/www.location-bateaux-electriques.com\/en","name":"Location de bateaux \u00e9lectriques","description":"Location de bateaux \u00e9lectriques \u00e0 Nantes, Suc\u00e9-sur-Erdre, Vertou et Nort-sur-Erdre","potentialAction":[{"@type":"SearchAction","target":{"@type":"EntryPoint","urlTemplate":"https:\/\/www.location-bateaux-electriques.com\/en?s={search_term_string}"},"query-input":{"@type":"PropertyValueSpecification","valueRequired":true,"valueName":"search_term_string"}}],"inLanguage":"en-US"}]}},"_links":{"self":[{"href":"https:\/\/www.location-bateaux-electriques.com\/en\/wp-json\/wp\/v2\/pages\/10606","targetHints":{"allow":["GET"]}}],"collection":[{"href":"https:\/\/www.location-bateaux-electriques.com\/en\/wp-json\/wp\/v2\/pages"}],"about":[{"href":"https:\/\/www.location-bateaux-electriques.com\/en\/wp-json\/wp\/v2\/types\/page"}],"author":[{"embeddable":true,"href":"https:\/\/www.location-bateaux-electriques.com\/en\/wp-json\/wp\/v2\/users\/2"}],"replies":[{"embeddable":true,"href":"https:\/\/www.location-bateaux-electriques.com\/en\/wp-json\/wp\/v2\/comments?post=10606"}],"version-history":[{"count":1,"href":"https:\/\/www.location-bateaux-electriques.com\/en\/wp-json\/wp\/v2\/pages\/10606\/revisions"}],"predecessor-version":[{"id":10608,"href":"https:\/\/www.location-bateaux-electriques.com\/en\/wp-json\/wp\/v2\/pages\/10606\/revisions\/10608"}],"wp:attachment":[{"href":"https:\/\/www.location-bateaux-electriques.com\/en\/wp-json\/wp\/v2\/media?parent=10606"}],"curies":[{"name":"wp","href":"https:\/\/api.w.org\/{rel}","templated":true}]}}