{"id":10660,"date":"2018-01-05T16:14:27","date_gmt":"2018-01-05T15:14:27","guid":{"rendered":"https:\/\/www.location-bateaux-electriques.com\/ruban-vert-legal-notice"},"modified":"2026-04-21T09:08:02","modified_gmt":"2026-04-21T08:08:02","slug":"ruban-vert-legal-notice","status":"publish","type":"page","link":"https:\/\/www.location-bateaux-electriques.com\/en\/ruban-vert-legal-notice","title":{"rendered":"Ruban Vert &#8211; Legal Notice"},"content":{"rendered":"<style>.kb-row-layout-id599_c4f5fd-fb > .kt-row-column-wrap{align-content:start;}:where(.kb-row-layout-id599_c4f5fd-fb > .kt-row-column-wrap) > .wp-block-kadence-column{justify-content:start;}.kb-row-layout-id599_c4f5fd-fb > .kt-row-column-wrap{column-gap:var(--global-kb-gap-md, 2rem);row-gap:var(--global-kb-gap-md, 2rem);padding-top:0px;padding-right:0px;padding-bottom:0px;padding-left:0px;grid-template-columns:minmax(0, 1fr);}.kb-row-layout-id599_c4f5fd-fb{background-image:url('https:\/\/www.location-bateaux-electriques.com\/wp-content\/uploads\/2022\/07\/bandeau-visiter-nantes.jpg');background-size:cover;background-position:68% 24%;background-attachment:scroll;background-repeat:no-repeat;}.kb-row-layout-id599_c4f5fd-fb > .kt-row-layout-overlay{opacity:0.30;}@media all and (max-width: 1024px){.kb-row-layout-id599_c4f5fd-fb > .kt-row-column-wrap{grid-template-columns:minmax(0, 1fr);}}@media all and (max-width: 767px){.kb-row-layout-id599_c4f5fd-fb > .kt-row-column-wrap{grid-template-columns:minmax(0, 1fr);}}<\/style><div class=\"kb-row-layout-wrap kb-row-layout-id599_c4f5fd-fb alignnone kt-row-has-bg wp-block-kadence-rowlayout\"><div class=\"kt-row-column-wrap kt-has-1-columns kt-row-layout-equal kt-tab-layout-inherit kt-mobile-layout-row kt-row-valign-top\">\n<style>.kadence-column599_21edb4-d4 > .kt-inside-inner-col,.kadence-column599_21edb4-d4 > .kt-inside-inner-col:before{border-top-left-radius:0px;border-top-right-radius:0px;border-bottom-right-radius:0px;border-bottom-left-radius:0px;}.kadence-column599_21edb4-d4 > .kt-inside-inner-col{column-gap:var(--global-kb-gap-sm, 1rem);}.kadence-column599_21edb4-d4 > .kt-inside-inner-col{flex-direction:column;}.kadence-column599_21edb4-d4 > .kt-inside-inner-col > .aligncenter{width:100%;}.kadence-column599_21edb4-d4 > .kt-inside-inner-col:before{opacity:0.3;}.kadence-column599_21edb4-d4{position:relative;}@media all and (max-width: 1024px){.kadence-column599_21edb4-d4 > .kt-inside-inner-col{flex-direction:column;justify-content:center;}}@media all and (max-width: 767px){.kadence-column599_21edb4-d4 > .kt-inside-inner-col{flex-direction:column;justify-content:center;}}<\/style>\n<div class=\"wp-block-kadence-column kadence-column599_21edb4-d4\"><div class=\"kt-inside-inner-col\"><!-- BANDEAU --><section class=\"block_bandeau\"><div class=\"outer_bandeau\"><div class=\"container relative   \"><div class=\"bandeau\"><div class=\"container\"><h1>LEGAL<br \/>\r\nNOTICE<\/h1><strong><\/strong><\/div><\/div><div class=\"menu-bandeau\"><div class=\"lcontainer container\"><div class=\"menu-menu-bandeau-fr-container\"><ul id=\"menu-menu-bandeau-fr\" class=\"bandeau-nav\"><li id=\"menu-item-9071\" class=\"menu-item menu-item-type-post_type menu-item-object-sites menu-item-9071\"><a href=\"https:\/\/www.location-bateaux-electriques.com\/en\/sites\/nantes\"><span>Nantes &#8211; \u00cele de Versailles<\/span><\/a><\/li>\n<li id=\"menu-item-9070\" class=\"menu-item menu-item-type-post_type menu-item-object-sites menu-item-9070\"><a href=\"https:\/\/www.location-bateaux-electriques.com\/en\/sites\/suce-sur-erdre\"><span>Suc\u00e9-sur-Erdre<\/span><\/a><\/li>\n<li id=\"menu-item-9069\" class=\"menu-item menu-item-type-post_type menu-item-object-sites menu-item-9069\"><a href=\"https:\/\/www.location-bateaux-electriques.com\/en\/sites\/vertou\"><span>Vertou<\/span><\/a><\/li>\n<li id=\"menu-item-9068\" class=\"menu-item menu-item-type-post_type menu-item-object-sites menu-item-9068\"><a href=\"https:\/\/www.location-bateaux-electriques.com\/en\/sites\/nort-sur-erdre\"><span>Nort-sur-Erdre<\/span><\/a><\/li>\n<li id=\"menu-item-9072\" class=\"btn-cadeau menu-item menu-item-type-post_type_archive menu-item-object-product menu-item-9072\"><a href=\"https:\/\/www.location-bateaux-electriques.com\/en\/shop\"><span>Bon cadeau<\/span><\/a><\/li>\n<\/ul><\/div><\/div><\/div><\/div><\/div><\/section><section class=\"breadcrumb\"><div class=\"container lcontainer\"><p id=\"breadcrumbs\"><span><span><a href=\"https:\/\/www.location-bateaux-electriques.com\/en\">Accueil<\/a><\/span><\/span><\/p><\/div><\/section><\/div><\/div>\n\n<\/div><\/div><style>.kb-row-layout-id599_0df96f-f5 > .kt-row-column-wrap{align-content:start;}:where(.kb-row-layout-id599_0df96f-f5 > .kt-row-column-wrap) > .wp-block-kadence-column{justify-content:start;}.kb-row-layout-id599_0df96f-f5 > .kt-row-column-wrap{column-gap:var(--global-kb-gap-md, 2rem);row-gap:var(--global-kb-gap-md, 2rem);max-width:var(--wp--style--global--content-size);padding-top:var(--global-kb-spacing-3xl, 6.5rem);padding-bottom:var(--global-kb-spacing-3xl, 6.5rem);grid-template-columns:minmax(0, 1fr);}.kb-row-layout-id599_0df96f-f5 > .kt-row-layout-overlay{opacity:0.30;}@media all and (max-width: 1024px){.kb-row-layout-id599_0df96f-f5 > .kt-row-column-wrap{grid-template-columns:minmax(0, 1fr);}}@media all and (max-width: 767px){.kb-row-layout-id599_0df96f-f5 > .kt-row-column-wrap{grid-template-columns:minmax(0, 1fr);}}<\/style><div class=\"kb-row-layout-wrap kb-row-layout-id599_0df96f-f5 alignnone wp-block-kadence-rowlayout\"><div class=\"kt-row-column-wrap kt-has-1-columns kt-row-layout-equal kt-tab-layout-inherit kt-mobile-layout-row kt-row-valign-top kb-theme-content-width\">\n<style>.kadence-column599_1e991d-d3 > .kt-inside-inner-col{display:flex;}.kadence-column599_1e991d-d3 > .kt-inside-inner-col,.kadence-column599_1e991d-d3 > .kt-inside-inner-col:before{border-top-left-radius:0px;border-top-right-radius:0px;border-bottom-right-radius:0px;border-bottom-left-radius:0px;}.kadence-column599_1e991d-d3 > .kt-inside-inner-col{column-gap:var(--global-kb-gap-sm, 1rem);}.kadence-column599_1e991d-d3 > .kt-inside-inner-col{flex-direction:column;justify-content:center;}.kadence-column599_1e991d-d3 > .kt-inside-inner-col > .aligncenter{width:100%;}.kt-row-column-wrap > .kadence-column599_1e991d-d3{align-self:center;}.kt-inner-column-height-full:not(.kt-has-1-columns) > .wp-block-kadence-column.kadence-column599_1e991d-d3{align-self:auto;}.kt-inner-column-height-full:not(.kt-has-1-columns) > .wp-block-kadence-column.kadence-column599_1e991d-d3 > .kt-inside-inner-col{flex-direction:column;justify-content:center;}.kadence-column599_1e991d-d3 > .kt-inside-inner-col:before{opacity:0.3;}.kadence-column599_1e991d-d3{text-align:center;}.kadence-column599_1e991d-d3{position:relative;}@media all and (max-width: 1024px){.kt-row-column-wrap > .kadence-column599_1e991d-d3{align-self:center;}}@media all and (max-width: 1024px){.kt-inner-column-height-full:not(.kt-has-1-columns) > .wp-block-kadence-column.kadence-column599_1e991d-d3{align-self:auto;}}@media all and (max-width: 1024px){.kt-inner-column-height-full:not(.kt-has-1-columns) > .wp-block-kadence-column.kadence-column599_1e991d-d3 > .kt-inside-inner-col{flex-direction:column;justify-content:center;}}@media all and (max-width: 1024px){.kadence-column599_1e991d-d3 > .kt-inside-inner-col{flex-direction:column;justify-content:center;}}@media all and (max-width: 767px){.kt-row-column-wrap > .kadence-column599_1e991d-d3{align-self:center;}.kt-inner-column-height-full:not(.kt-has-1-columns) > .wp-block-kadence-column.kadence-column599_1e991d-d3{align-self:auto;}.kt-inner-column-height-full:not(.kt-has-1-columns) > .wp-block-kadence-column.kadence-column599_1e991d-d3 > .kt-inside-inner-col{flex-direction:column;justify-content:center;}.kadence-column599_1e991d-d3 > .kt-inside-inner-col{flex-direction:column;justify-content:center;}}<\/style>\n<div class=\"wp-block-kadence-column kadence-column599_1e991d-d3\"><div class=\"kt-inside-inner-col\"><div class=\"paragraphe_content block35  animate animateR none animation_duration_5 dark\"><p><strong>Owner:<\/strong> RUBAN VERT Sarl,<br \/>\n20 \u00cele de Versailles, 40000 Nantes<\/p>\n<p><strong>Contact:<\/strong> info@rubanvert.fr<\/p>\n<p><strong>Company Register No.<\/strong>: Nantes B 400 403 325<\/p>\n<p><strong>SIRET:<\/strong> 40040332500014<\/p>\n<p><strong>Share Capital<\/strong>: \u20ac16,150<\/p>\n<p><strong>Intra-community VAT<\/strong>: FR 11 400 403 325<\/p>\n<p><strong>Publication Director<\/strong>: Matthieu OLIVE<\/p>\n<p><strong>Photo Credits<\/strong>: Ruban Vert, \u00a9St\u00e9phane Grossin<\/p>\n<p><strong>Hosting<\/strong>: OVH<\/p>\n<p><strong>Website Design:<\/strong> <a href=\"https:\/\/www.agence-vml.fr\/\">Vingt Mille Lieues<\/a><\/p>\n<\/div><\/div><\/div>\n\n<\/div><\/div>","protected":false},"excerpt":{"rendered":"","protected":false},"author":1,"featured_media":0,"parent":0,"menu_order":0,"comment_status":"closed","ping_status":"closed","template":"","meta":{"_acf_changed":false,"inline_featured_image":false,"footnotes":""},"class_list":["post-10660","page","type-page","status-publish","hentry"],"acf":[],"yoast_head":"<!-- This site is optimized with the Yoast SEO plugin v27.4 - https:\/\/yoast.com\/product\/yoast-seo-wordpress\/ -->\n<title>Ruban Vert - Legal Notice - Location de bateaux \u00e9lectriques<\/title>\n<meta name=\"robots\" content=\"index, follow, max-snippet:-1, max-image-preview:large, max-video-preview:-1\" \/>\n<link rel=\"canonical\" href=\"https:\/\/www.location-bateaux-electriques.com\/en\/ruban-vert-legal-notice\" \/>\n<meta property=\"og:locale\" content=\"en_US\" \/>\n<meta property=\"og:type\" content=\"article\" \/>\n<meta property=\"og:title\" content=\"Ruban Vert - Legal Notice - Location de bateaux \u00e9lectriques\" \/>\n<meta property=\"og:url\" content=\"https:\/\/www.location-bateaux-electriques.com\/en\/ruban-vert-legal-notice\" \/>\n<meta property=\"og:site_name\" content=\"Location de bateaux \u00e9lectriques\" \/>\n<meta property=\"article:modified_time\" content=\"2026-04-21T08:08:02+00:00\" \/>\n<meta name=\"twitter:card\" content=\"summary_large_image\" \/>\n<script type=\"application\/ld+json\" class=\"yoast-schema-graph\">{\"@context\":\"https:\\\/\\\/schema.org\",\"@graph\":[{\"@type\":\"WebPage\",\"@id\":\"https:\\\/\\\/www.location-bateaux-electriques.com\\\/en\\\/ruban-vert-legal-notice\",\"url\":\"https:\\\/\\\/www.location-bateaux-electriques.com\\\/en\\\/ruban-vert-legal-notice\",\"name\":\"Ruban Vert - Legal Notice - Location de bateaux \u00e9lectriques\",\"isPartOf\":{\"@id\":\"https:\\\/\\\/www.location-bateaux-electriques.com\\\/en#website\"},\"datePublished\":\"2018-01-05T15:14:27+00:00\",\"dateModified\":\"2026-04-21T08:08:02+00:00\",\"breadcrumb\":{\"@id\":\"https:\\\/\\\/www.location-bateaux-electriques.com\\\/en\\\/ruban-vert-legal-notice#breadcrumb\"},\"inLanguage\":\"en-US\",\"potentialAction\":[{\"@type\":\"ReadAction\",\"target\":[\"https:\\\/\\\/www.location-bateaux-electriques.com\\\/en\\\/ruban-vert-legal-notice\"]}]},{\"@type\":\"BreadcrumbList\",\"@id\":\"https:\\\/\\\/www.location-bateaux-electriques.com\\\/en\\\/ruban-vert-legal-notice#breadcrumb\",\"itemListElement\":[{\"@type\":\"ListItem\",\"position\":1,\"name\":\"Accueil\",\"item\":\"https:\\\/\\\/www.location-bateaux-electriques.com\\\/en\"},{\"@type\":\"ListItem\",\"position\":2,\"name\":\"Ruban Vert &#8211; Legal Notice\"}]},{\"@type\":\"WebSite\",\"@id\":\"https:\\\/\\\/www.location-bateaux-electriques.com\\\/en#website\",\"url\":\"https:\\\/\\\/www.location-bateaux-electriques.com\\\/en\",\"name\":\"Location de bateaux \u00e9lectriques\",\"description\":\"Location de bateaux \u00e9lectriques \u00e0 Nantes, Suc\u00e9-sur-Erdre, Vertou et Nort-sur-Erdre\",\"potentialAction\":[{\"@type\":\"SearchAction\",\"target\":{\"@type\":\"EntryPoint\",\"urlTemplate\":\"https:\\\/\\\/www.location-bateaux-electriques.com\\\/en?s={search_term_string}\"},\"query-input\":{\"@type\":\"PropertyValueSpecification\",\"valueRequired\":true,\"valueName\":\"search_term_string\"}}],\"inLanguage\":\"en-US\"}]}<\/script>\n<!-- \/ Yoast SEO plugin. -->","yoast_head_json":{"title":"Ruban Vert - Legal Notice - Location de bateaux \u00e9lectriques","robots":{"index":"index","follow":"follow","max-snippet":"max-snippet:-1","max-image-preview":"max-image-preview:large","max-video-preview":"max-video-preview:-1"},"canonical":"https:\/\/www.location-bateaux-electriques.com\/en\/ruban-vert-legal-notice","og_locale":"en_US","og_type":"article","og_title":"Ruban Vert - Legal Notice - Location de bateaux \u00e9lectriques","og_url":"https:\/\/www.location-bateaux-electriques.com\/en\/ruban-vert-legal-notice","og_site_name":"Location de bateaux \u00e9lectriques","article_modified_time":"2026-04-21T08:08:02+00:00","twitter_card":"summary_large_image","schema":{"@context":"https:\/\/schema.org","@graph":[{"@type":"WebPage","@id":"https:\/\/www.location-bateaux-electriques.com\/en\/ruban-vert-legal-notice","url":"https:\/\/www.location-bateaux-electriques.com\/en\/ruban-vert-legal-notice","name":"Ruban Vert - Legal Notice - Location de bateaux \u00e9lectriques","isPartOf":{"@id":"https:\/\/www.location-bateaux-electriques.com\/en#website"},"datePublished":"2018-01-05T15:14:27+00:00","dateModified":"2026-04-21T08:08:02+00:00","breadcrumb":{"@id":"https:\/\/www.location-bateaux-electriques.com\/en\/ruban-vert-legal-notice#breadcrumb"},"inLanguage":"en-US","potentialAction":[{"@type":"ReadAction","target":["https:\/\/www.location-bateaux-electriques.com\/en\/ruban-vert-legal-notice"]}]},{"@type":"BreadcrumbList","@id":"https:\/\/www.location-bateaux-electriques.com\/en\/ruban-vert-legal-notice#breadcrumb","itemListElement":[{"@type":"ListItem","position":1,"name":"Accueil","item":"https:\/\/www.location-bateaux-electriques.com\/en"},{"@type":"ListItem","position":2,"name":"Ruban Vert &#8211; Legal Notice"}]},{"@type":"WebSite","@id":"https:\/\/www.location-bateaux-electriques.com\/en#website","url":"https:\/\/www.location-bateaux-electriques.com\/en","name":"Location de bateaux \u00e9lectriques","description":"Location de bateaux \u00e9lectriques \u00e0 Nantes, Suc\u00e9-sur-Erdre, Vertou et Nort-sur-Erdre","potentialAction":[{"@type":"SearchAction","target":{"@type":"EntryPoint","urlTemplate":"https:\/\/www.location-bateaux-electriques.com\/en?s={search_term_string}"},"query-input":{"@type":"PropertyValueSpecification","valueRequired":true,"valueName":"search_term_string"}}],"inLanguage":"en-US"}]}},"_links":{"self":[{"href":"https:\/\/www.location-bateaux-electriques.com\/en\/wp-json\/wp\/v2\/pages\/10660","targetHints":{"allow":["GET"]}}],"collection":[{"href":"https:\/\/www.location-bateaux-electriques.com\/en\/wp-json\/wp\/v2\/pages"}],"about":[{"href":"https:\/\/www.location-bateaux-electriques.com\/en\/wp-json\/wp\/v2\/types\/page"}],"author":[{"embeddable":true,"href":"https:\/\/www.location-bateaux-electriques.com\/en\/wp-json\/wp\/v2\/users\/1"}],"replies":[{"embeddable":true,"href":"https:\/\/www.location-bateaux-electriques.com\/en\/wp-json\/wp\/v2\/comments?post=10660"}],"version-history":[{"count":1,"href":"https:\/\/www.location-bateaux-electriques.com\/en\/wp-json\/wp\/v2\/pages\/10660\/revisions"}],"predecessor-version":[{"id":10661,"href":"https:\/\/www.location-bateaux-electriques.com\/en\/wp-json\/wp\/v2\/pages\/10660\/revisions\/10661"}],"wp:attachment":[{"href":"https:\/\/www.location-bateaux-electriques.com\/en\/wp-json\/wp\/v2\/media?parent=10660"}],"curies":[{"name":"wp","href":"https:\/\/api.w.org\/{rel}","templated":true}]}}